{"id":2045,"date":"2023-09-26T18:57:03","date_gmt":"2023-09-26T17:57:03","guid":{"rendered":"https:\/\/motoshopextreme.ba\/?post_type=product&#038;p=2045"},"modified":"2023-12-23T17:38:00","modified_gmt":"2023-12-23T17:38:00","slug":"mitas-c19-green-90-100-21","status":"publish","type":"product","link":"https:\/\/motoshopextreme.ba\/?product=mitas-c19-green-90-100-21","title":{"rendered":"Mitas C-19 GREEN 90\/100-21 SUPER LIGHT"},"content":{"rendered":"","protected":false},"excerpt":{"rendered":"<p>Ova super lagana guma iz Mitas Eagle linije razvijena je za upotrebu na Svjetskom kupu, pru\u017eaju\u0107i stabilnost i izvanredno prianjanje kako na ravnim povr\u0161inama tako i u zavojima.<\/p>\n","protected":false},"featured_media":2537,"template":"","meta":[],"product_brand":[],"product_cat":[149,160],"product_tag":[],"class_list":{"0":"post-2045","1":"product","2":"type-product","3":"status-publish","4":"has-post-thumbnail","6":"product_cat-gume","7":"product_cat-off-road-gume","9":"first","10":"instock","11":"taxable","12":"shipping-taxable","13":"purchasable","14":"product-type-simple"},"_links":{"self":[{"href":"https:\/\/motoshopextreme.ba\/index.php?rest_route=\/wp\/v2\/product\/2045","targetHints":{"allow":["GET"]}}],"collection":[{"href":"https:\/\/motoshopextreme.ba\/index.php?rest_route=\/wp\/v2\/product"}],"about":[{"href":"https:\/\/motoshopextreme.ba\/index.php?rest_route=\/wp\/v2\/types\/product"}],"wp:featuredmedia":[{"embeddable":true,"href":"https:\/\/motoshopextreme.ba\/index.php?rest_route=\/wp\/v2\/media\/2537"}],"wp:attachment":[{"href":"https:\/\/motoshopextreme.ba\/index.php?rest_route=%2Fwp%2Fv2%2Fmedia&parent=2045"}],"wp:term":[{"taxonomy":"product_brand","embeddable":true,"href":"https:\/\/motoshopextreme.ba\/index.php?rest_route=%2Fwp%2Fv2%2Fproduct_brand&post=2045"},{"taxonomy":"product_cat","embeddable":true,"href":"https:\/\/motoshopextreme.ba\/index.php?rest_route=%2Fwp%2Fv2%2Fproduct_cat&post=2045"},{"taxonomy":"product_tag","embeddable":true,"href":"https:\/\/motoshopextreme.ba\/index.php?rest_route=%2Fwp%2Fv2%2Fproduct_tag&post=2045"}],"curies":[{"name":"wp","href":"https:\/\/api.w.org\/{rel}","templated":true}]}}