{"id":2451,"date":"2023-12-20T09:57:48","date_gmt":"2023-12-20T09:57:48","guid":{"rendered":"https:\/\/motoshopextreme.ba\/?post_type=product&#038;p=2451"},"modified":"2023-12-20T10:08:53","modified_gmt":"2023-12-20T10:08:53","slug":"motul-transoil-expert-10w40","status":"publish","type":"product","link":"https:\/\/motoshopextreme.ba\/?product=motul-transoil-expert-10w40","title":{"rendered":"MOTUL TRANSOIL EXPERT 10W40"},"content":{"rendered":"","protected":false},"excerpt":{"rendered":"<p>\ud83d\udd27 Odr\u017eavanje va\u0161eg motocikla na visokoj razini uz MOTUL TRANSOIL EXPERT 10W40! \ud83d\udd27<\/p>\n<p>Transmisiono ulje MOTUL TRANSOIL EXPERT 10W40 pru\u017ea izuzetnu za\u0161titu i performanse za prijenosne sustave motocikla. \ud83d\udca1 Razvijeno je kako bi osiguralo optimalnu funkcionalnost pri visokim temperaturama, pru\u017eaju\u0107i pouzdanu za\u0161titu i produljuju\u0107i \u017eivotni vijek prijenosnog sustava va\u0161eg motocikla.<\/p>\n<p>\ud83d\udee2\ufe0f Formula ovog ulja osigurava glatko mijenjanje brzina i rad prijenosnog sustava, \u010dine\u0107i ga idealnim izborom za voza\u010de koji tra\u017ee vrhunsku u\u010dinkovitost i izdr\u017eljivost. Odlu\u010dite se za MOTUL TRANSOIL EXPERT 10W40 i pru\u017eite svojem motociklu najbolju njegu koju zaslu\u017euje! \ud83c\udfcd\ufe0f<\/p>\n","protected":false},"featured_media":2452,"template":"","meta":[],"product_brand":[],"product_cat":[151],"product_tag":[],"class_list":{"0":"post-2451","1":"product","2":"type-product","3":"status-publish","4":"has-post-thumbnail","6":"product_cat-ulja-i-maziva","8":"first","9":"instock","10":"taxable","11":"shipping-taxable","12":"purchasable","13":"product-type-simple"},"_links":{"self":[{"href":"https:\/\/motoshopextreme.ba\/index.php?rest_route=\/wp\/v2\/product\/2451","targetHints":{"allow":["GET"]}}],"collection":[{"href":"https:\/\/motoshopextreme.ba\/index.php?rest_route=\/wp\/v2\/product"}],"about":[{"href":"https:\/\/motoshopextreme.ba\/index.php?rest_route=\/wp\/v2\/types\/product"}],"wp:featuredmedia":[{"embeddable":true,"href":"https:\/\/motoshopextreme.ba\/index.php?rest_route=\/wp\/v2\/media\/2452"}],"wp:attachment":[{"href":"https:\/\/motoshopextreme.ba\/index.php?rest_route=%2Fwp%2Fv2%2Fmedia&parent=2451"}],"wp:term":[{"taxonomy":"product_brand","embeddable":true,"href":"https:\/\/motoshopextreme.ba\/index.php?rest_route=%2Fwp%2Fv2%2Fproduct_brand&post=2451"},{"taxonomy":"product_cat","embeddable":true,"href":"https:\/\/motoshopextreme.ba\/index.php?rest_route=%2Fwp%2Fv2%2Fproduct_cat&post=2451"},{"taxonomy":"product_tag","embeddable":true,"href":"https:\/\/motoshopextreme.ba\/index.php?rest_route=%2Fwp%2Fv2%2Fproduct_tag&post=2451"}],"curies":[{"name":"wp","href":"https:\/\/api.w.org\/{rel}","templated":true}]}}