{"id":2453,"date":"2023-12-20T10:13:24","date_gmt":"2023-12-20T10:13:24","guid":{"rendered":"https:\/\/motoshopextreme.ba\/?post_type=product&#038;p=2453"},"modified":"2023-12-20T10:20:35","modified_gmt":"2023-12-20T10:20:35","slug":"motul-5100-10w40-ulje-za-cetverotaktne-motore","status":"publish","type":"product","link":"https:\/\/motoshopextreme.ba\/?product=motul-5100-10w40-ulje-za-cetverotaktne-motore","title":{"rendered":"MOTUL 5100 10W40 &#8211; Ulje za \u010detverotaktne motore"},"content":{"rendered":"","protected":false},"excerpt":{"rendered":"<p>&nbsp;<\/p>\n<p>Motul 5100 10W40 je pa\u017eljivo izra\u0111eno ulje za \u010detverotaktne motore koje pru\u017ea premium za\u0161titu i optimalne performanse. Ovo visokokvalitetno ulje je precizno razvijeno kako bi zadovoljilo potrebe srca va\u0161eg motocikla.<\/p>\n<p>\ud83d\udca1 Posebno dizajnirano za \u010detverotaktne motore, Motul 5100 10W40 osigurava izuzetnu termalnu stabilnost, sprje\u010dava nakupljanje taloga i \u0161titi dijelove motora od tro\u0161enja. Smanjuje trenje, pobolj\u0161ava performanse i produljuje vijek trajanja motora.<\/p>\n<p>\ud83d\udee2\ufe0f Sa Motul 5100 10W40, motor va\u0161eg motocikla radi glatko i u\u010dinkovito, bilo da se radi o svakodnevnim vo\u017enjama ili ekstremnim uvjetima na stazi. Ovo ulje za motor predstavlja idealan izbor za voza\u010de koji tra\u017ee najbolje za svog dvokota\u010dnog suputnika!<\/p>\n<p>\ud83c\udfcd\ufe0f Odaberite Motul 5100 10W40 i pru\u017eite svom motociklu vrhunsku njegu koju zaslu\u017euje! \ud83c\udfc1<\/p>\n","protected":false},"featured_media":2454,"template":"","meta":[],"product_brand":[],"product_cat":[151],"product_tag":[],"class_list":{"0":"post-2453","1":"product","2":"type-product","3":"status-publish","4":"has-post-thumbnail","6":"product_cat-ulja-i-maziva","8":"first","9":"instock","10":"taxable","11":"shipping-taxable","12":"purchasable","13":"product-type-simple"},"_links":{"self":[{"href":"https:\/\/motoshopextreme.ba\/index.php?rest_route=\/wp\/v2\/product\/2453","targetHints":{"allow":["GET"]}}],"collection":[{"href":"https:\/\/motoshopextreme.ba\/index.php?rest_route=\/wp\/v2\/product"}],"about":[{"href":"https:\/\/motoshopextreme.ba\/index.php?rest_route=\/wp\/v2\/types\/product"}],"wp:featuredmedia":[{"embeddable":true,"href":"https:\/\/motoshopextreme.ba\/index.php?rest_route=\/wp\/v2\/media\/2454"}],"wp:attachment":[{"href":"https:\/\/motoshopextreme.ba\/index.php?rest_route=%2Fwp%2Fv2%2Fmedia&parent=2453"}],"wp:term":[{"taxonomy":"product_brand","embeddable":true,"href":"https:\/\/motoshopextreme.ba\/index.php?rest_route=%2Fwp%2Fv2%2Fproduct_brand&post=2453"},{"taxonomy":"product_cat","embeddable":true,"href":"https:\/\/motoshopextreme.ba\/index.php?rest_route=%2Fwp%2Fv2%2Fproduct_cat&post=2453"},{"taxonomy":"product_tag","embeddable":true,"href":"https:\/\/motoshopextreme.ba\/index.php?rest_route=%2Fwp%2Fv2%2Fproduct_tag&post=2453"}],"curies":[{"name":"wp","href":"https:\/\/api.w.org\/{rel}","templated":true}]}}