{"id":2455,"date":"2023-12-20T10:22:22","date_gmt":"2023-12-20T10:22:22","guid":{"rendered":"https:\/\/motoshopextreme.ba\/?post_type=product&#038;p=2455"},"modified":"2023-12-20T10:24:53","modified_gmt":"2023-12-20T10:24:53","slug":"motul-5100-15w50-ulje-za-cetverotaktne-motore","status":"publish","type":"product","link":"https:\/\/motoshopextreme.ba\/?product=motul-5100-15w50-ulje-za-cetverotaktne-motore","title":{"rendered":"MOTUL 5100 15W50 &#8211; Ulje za \u010detverotaktne motore"},"content":{"rendered":"","protected":false},"excerpt":{"rendered":"<p>Motul 5100 15W50 je posebno formulirano ulje za \u010detverotaktne motore, pru\u017eaju\u0107i vrhunsku za\u0161titu i performanse va\u0161em motociklu. Ovo visokokvalitetno ulje je pa\u017eljivo razvijeno kako bi osiguralo optimalnu funkcionalnost va\u0161eg motora.<\/p>\n<p>\ud83d\udca1 Kreirano za \u010detverotaktne motore, Motul 5100 15W50 nudi iznimnu termalnu stabilnost, sprje\u010dava nakupljanje taloga i \u010duva dijelove motora od tro\u0161enja. Smanjuje trenje, unaprije\u0111uje performanse i produ\u017euje \u017eivotni vijek motora.<\/p>\n<p>\ud83d\udee2\ufe0f Motul 5100 15W50 omogu\u0107ava glatko i efikasno funkcioniranje va\u0161eg motocikla, bilo da se radi o svakodnevnim vo\u017enjama ili ekstremnim uvjetima na stazi. Ovo ulje za motor je optimalan izbor za voza\u010de koji tra\u017ee najbolju njegu za svoje vozilo na dva kota\u010da!<\/p>\n<p>&nbsp;<\/p>\n","protected":false},"featured_media":2456,"template":"","meta":[],"product_brand":[],"product_cat":[151],"product_tag":[],"class_list":{"0":"post-2455","1":"product","2":"type-product","3":"status-publish","4":"has-post-thumbnail","6":"product_cat-ulja-i-maziva","8":"first","9":"instock","10":"taxable","11":"shipping-taxable","12":"purchasable","13":"product-type-simple"},"_links":{"self":[{"href":"https:\/\/motoshopextreme.ba\/index.php?rest_route=\/wp\/v2\/product\/2455","targetHints":{"allow":["GET"]}}],"collection":[{"href":"https:\/\/motoshopextreme.ba\/index.php?rest_route=\/wp\/v2\/product"}],"about":[{"href":"https:\/\/motoshopextreme.ba\/index.php?rest_route=\/wp\/v2\/types\/product"}],"wp:featuredmedia":[{"embeddable":true,"href":"https:\/\/motoshopextreme.ba\/index.php?rest_route=\/wp\/v2\/media\/2456"}],"wp:attachment":[{"href":"https:\/\/motoshopextreme.ba\/index.php?rest_route=%2Fwp%2Fv2%2Fmedia&parent=2455"}],"wp:term":[{"taxonomy":"product_brand","embeddable":true,"href":"https:\/\/motoshopextreme.ba\/index.php?rest_route=%2Fwp%2Fv2%2Fproduct_brand&post=2455"},{"taxonomy":"product_cat","embeddable":true,"href":"https:\/\/motoshopextreme.ba\/index.php?rest_route=%2Fwp%2Fv2%2Fproduct_cat&post=2455"},{"taxonomy":"product_tag","embeddable":true,"href":"https:\/\/motoshopextreme.ba\/index.php?rest_route=%2Fwp%2Fv2%2Fproduct_tag&post=2455"}],"curies":[{"name":"wp","href":"https:\/\/api.w.org\/{rel}","templated":true}]}}