{"id":2458,"date":"2023-12-20T10:26:16","date_gmt":"2023-12-20T10:26:16","guid":{"rendered":"https:\/\/motoshopextreme.ba\/?post_type=product&#038;p=2458"},"modified":"2026-01-19T15:34:28","modified_gmt":"2026-01-19T15:34:28","slug":"motul-7100-10w40-ulje-za-cetverotaktne-motore","status":"publish","type":"product","link":"https:\/\/motoshopextreme.ba\/?product=motul-7100-10w40-ulje-za-cetverotaktne-motore","title":{"rendered":"MOTUL 7100 10W40 &#8211; Ulje za \u010detverotaktne motore"},"content":{"rendered":"","protected":false},"excerpt":{"rendered":"<p>\ud83d\udee2\ufe0f MOTUL 7100 10W40 &#8211; Sinteti\u010dko ulje \ud83c\udfcd\ufe0f Ulje stvoreno za \u010detverotaktne motore pru\u017ea nevjerojatnu za\u0161titu i performanse. Ovo visokokvalitetno ulje osigurava termalnu stabilnost, sprje\u010dava nakupljanje naslaga i smanjuje tro\u0161enje motora. Produljuje vijek motora i osigurava besprijekoran rad, \u010dak i u najzahtjevnijim uvjetima.<\/p>\n","protected":false},"featured_media":2459,"template":"","meta":[],"product_brand":[],"product_cat":[151],"product_tag":[],"class_list":{"0":"post-2458","1":"product","2":"type-product","3":"status-publish","4":"has-post-thumbnail","6":"product_cat-ulja-i-maziva","8":"first","9":"instock","10":"taxable","11":"shipping-taxable","12":"purchasable","13":"product-type-simple"},"_links":{"self":[{"href":"https:\/\/motoshopextreme.ba\/index.php?rest_route=\/wp\/v2\/product\/2458","targetHints":{"allow":["GET"]}}],"collection":[{"href":"https:\/\/motoshopextreme.ba\/index.php?rest_route=\/wp\/v2\/product"}],"about":[{"href":"https:\/\/motoshopextreme.ba\/index.php?rest_route=\/wp\/v2\/types\/product"}],"wp:featuredmedia":[{"embeddable":true,"href":"https:\/\/motoshopextreme.ba\/index.php?rest_route=\/wp\/v2\/media\/2459"}],"wp:attachment":[{"href":"https:\/\/motoshopextreme.ba\/index.php?rest_route=%2Fwp%2Fv2%2Fmedia&parent=2458"}],"wp:term":[{"taxonomy":"product_brand","embeddable":true,"href":"https:\/\/motoshopextreme.ba\/index.php?rest_route=%2Fwp%2Fv2%2Fproduct_brand&post=2458"},{"taxonomy":"product_cat","embeddable":true,"href":"https:\/\/motoshopextreme.ba\/index.php?rest_route=%2Fwp%2Fv2%2Fproduct_cat&post=2458"},{"taxonomy":"product_tag","embeddable":true,"href":"https:\/\/motoshopextreme.ba\/index.php?rest_route=%2Fwp%2Fv2%2Fproduct_tag&post=2458"}],"curies":[{"name":"wp","href":"https:\/\/api.w.org\/{rel}","templated":true}]}}