{"id":2466,"date":"2023-12-20T10:43:08","date_gmt":"2023-12-20T10:43:08","guid":{"rendered":"https:\/\/motoshopextreme.ba\/?post_type=product&#038;p=2466"},"modified":"2023-12-20T10:46:58","modified_gmt":"2023-12-20T10:46:58","slug":"motul-fork-oil-expert-5w-ulje-za-amortizere","status":"publish","type":"product","link":"https:\/\/motoshopextreme.ba\/?product=motul-fork-oil-expert-5w-ulje-za-amortizere","title":{"rendered":"MOTUL Fork Oil Expert 5W &#8211; Ulje za amortizere"},"content":{"rendered":"","protected":false},"excerpt":{"rendered":"<p>\ud83d\udee0\ufe0f MOTUL Fork Oil Expert 5W &#8211; Pravo rje\u0161enje za va\u0161e amortizere! \ud83c\udfcd\ufe0f Ovo visokokvalitetno ulje pru\u017ea izuzetnu za\u0161titu i performanse va\u0161eg motocikla. Formulirano za maksimalnu stabilnost i glatko\u0107u vo\u017enje, osigurava optimalno funkcioniranje va\u0161ih amortizera. Pru\u017ea precizno upravljanje i izvanrednu udobnost tijekom vo\u017enje.<\/p>\n","protected":false},"featured_media":2467,"template":"","meta":[],"product_brand":[],"product_cat":[151],"product_tag":[],"class_list":{"0":"post-2466","1":"product","2":"type-product","3":"status-publish","4":"has-post-thumbnail","6":"product_cat-ulja-i-maziva","8":"first","9":"instock","10":"taxable","11":"shipping-taxable","12":"purchasable","13":"product-type-simple"},"_links":{"self":[{"href":"https:\/\/motoshopextreme.ba\/index.php?rest_route=\/wp\/v2\/product\/2466","targetHints":{"allow":["GET"]}}],"collection":[{"href":"https:\/\/motoshopextreme.ba\/index.php?rest_route=\/wp\/v2\/product"}],"about":[{"href":"https:\/\/motoshopextreme.ba\/index.php?rest_route=\/wp\/v2\/types\/product"}],"wp:featuredmedia":[{"embeddable":true,"href":"https:\/\/motoshopextreme.ba\/index.php?rest_route=\/wp\/v2\/media\/2467"}],"wp:attachment":[{"href":"https:\/\/motoshopextreme.ba\/index.php?rest_route=%2Fwp%2Fv2%2Fmedia&parent=2466"}],"wp:term":[{"taxonomy":"product_brand","embeddable":true,"href":"https:\/\/motoshopextreme.ba\/index.php?rest_route=%2Fwp%2Fv2%2Fproduct_brand&post=2466"},{"taxonomy":"product_cat","embeddable":true,"href":"https:\/\/motoshopextreme.ba\/index.php?rest_route=%2Fwp%2Fv2%2Fproduct_cat&post=2466"},{"taxonomy":"product_tag","embeddable":true,"href":"https:\/\/motoshopextreme.ba\/index.php?rest_route=%2Fwp%2Fv2%2Fproduct_tag&post=2466"}],"curies":[{"name":"wp","href":"https:\/\/api.w.org\/{rel}","templated":true}]}}