{"id":2468,"date":"2023-12-20T10:47:05","date_gmt":"2023-12-20T10:47:05","guid":{"rendered":"https:\/\/motoshopextreme.ba\/?post_type=product&#038;p=2468"},"modified":"2023-12-20T10:48:29","modified_gmt":"2023-12-20T10:48:29","slug":"motul-fork-oil-expert-2-5w-ulje-za-amortizere","status":"publish","type":"product","link":"https:\/\/motoshopextreme.ba\/?product=motul-fork-oil-expert-2-5w-ulje-za-amortizere","title":{"rendered":"MOTUL Fork Oil Expert 2.5W &#8211; Ulje za amortizere"},"content":{"rendered":"","protected":false},"excerpt":{"rendered":"<p>\ud83d\udca1 MOTUL Fork Oil Expert 2.5W &#8211; Oja\u010dajte performanse svojih amortizera! \ud83c\udfcd\ufe0f Ovo visokokvalitetno ulje pru\u017ea preciznu za\u0161titu i optimalno podmazivanje, omogu\u0107uju\u0107i vam ve\u0107u kontrolu nad vo\u017enjom. Specijalno formulirano za pobolj\u0161anje performansi i udobnosti tijekom vo\u017enje. #MotulForkOilExpert #Amortizeri #Pobolj\u0161anjePerformansi&#8221;<\/p>\n","protected":false},"featured_media":2469,"template":"","meta":[],"product_brand":[],"product_cat":[151],"product_tag":[],"class_list":{"0":"post-2468","1":"product","2":"type-product","3":"status-publish","4":"has-post-thumbnail","6":"product_cat-ulja-i-maziva","8":"first","9":"instock","10":"taxable","11":"shipping-taxable","12":"purchasable","13":"product-type-simple"},"_links":{"self":[{"href":"https:\/\/motoshopextreme.ba\/index.php?rest_route=\/wp\/v2\/product\/2468","targetHints":{"allow":["GET"]}}],"collection":[{"href":"https:\/\/motoshopextreme.ba\/index.php?rest_route=\/wp\/v2\/product"}],"about":[{"href":"https:\/\/motoshopextreme.ba\/index.php?rest_route=\/wp\/v2\/types\/product"}],"wp:featuredmedia":[{"embeddable":true,"href":"https:\/\/motoshopextreme.ba\/index.php?rest_route=\/wp\/v2\/media\/2469"}],"wp:attachment":[{"href":"https:\/\/motoshopextreme.ba\/index.php?rest_route=%2Fwp%2Fv2%2Fmedia&parent=2468"}],"wp:term":[{"taxonomy":"product_brand","embeddable":true,"href":"https:\/\/motoshopextreme.ba\/index.php?rest_route=%2Fwp%2Fv2%2Fproduct_brand&post=2468"},{"taxonomy":"product_cat","embeddable":true,"href":"https:\/\/motoshopextreme.ba\/index.php?rest_route=%2Fwp%2Fv2%2Fproduct_cat&post=2468"},{"taxonomy":"product_tag","embeddable":true,"href":"https:\/\/motoshopextreme.ba\/index.php?rest_route=%2Fwp%2Fv2%2Fproduct_tag&post=2468"}],"curies":[{"name":"wp","href":"https:\/\/api.w.org\/{rel}","templated":true}]}}