{"id":2470,"date":"2023-12-20T10:49:51","date_gmt":"2023-12-20T10:49:51","guid":{"rendered":"https:\/\/motoshopextreme.ba\/?post_type=product&#038;p=2470"},"modified":"2023-12-20T10:52:09","modified_gmt":"2023-12-20T10:52:09","slug":"motul-chainlube-off-road-sprej-za-lance","status":"publish","type":"product","link":"https:\/\/motoshopextreme.ba\/?product=motul-chainlube-off-road-sprej-za-lance","title":{"rendered":"MOTUL CHAINLUBE OFF ROAD &#8211; Sprej za lance"},"content":{"rendered":"","protected":false},"excerpt":{"rendered":"<p>\ud83d\udca5 MOTUL CHAINLUBE OFF ROAD &#8211;\u00a0 \ud83c\udfcd\ufe0f Ovaj sprej za lance pru\u017ea vrhunsku za\u0161titu od tro\u0161enja, otpornost na visoke brzine i za\u0161titu od vode i vlage. Pobolj\u0161ava trajnost lanca te osigurava glatko i u\u010dinkovito podmazivanje.<\/p>\n","protected":false},"featured_media":2471,"template":"","meta":[],"product_brand":[],"product_cat":[151],"product_tag":[],"class_list":{"0":"post-2470","1":"product","2":"type-product","3":"status-publish","4":"has-post-thumbnail","6":"product_cat-ulja-i-maziva","8":"first","9":"instock","10":"taxable","11":"shipping-taxable","12":"purchasable","13":"product-type-simple"},"_links":{"self":[{"href":"https:\/\/motoshopextreme.ba\/index.php?rest_route=\/wp\/v2\/product\/2470","targetHints":{"allow":["GET"]}}],"collection":[{"href":"https:\/\/motoshopextreme.ba\/index.php?rest_route=\/wp\/v2\/product"}],"about":[{"href":"https:\/\/motoshopextreme.ba\/index.php?rest_route=\/wp\/v2\/types\/product"}],"wp:featuredmedia":[{"embeddable":true,"href":"https:\/\/motoshopextreme.ba\/index.php?rest_route=\/wp\/v2\/media\/2471"}],"wp:attachment":[{"href":"https:\/\/motoshopextreme.ba\/index.php?rest_route=%2Fwp%2Fv2%2Fmedia&parent=2470"}],"wp:term":[{"taxonomy":"product_brand","embeddable":true,"href":"https:\/\/motoshopextreme.ba\/index.php?rest_route=%2Fwp%2Fv2%2Fproduct_brand&post=2470"},{"taxonomy":"product_cat","embeddable":true,"href":"https:\/\/motoshopextreme.ba\/index.php?rest_route=%2Fwp%2Fv2%2Fproduct_cat&post=2470"},{"taxonomy":"product_tag","embeddable":true,"href":"https:\/\/motoshopextreme.ba\/index.php?rest_route=%2Fwp%2Fv2%2Fproduct_tag&post=2470"}],"curies":[{"name":"wp","href":"https:\/\/api.w.org\/{rel}","templated":true}]}}