{"id":2473,"date":"2023-12-20T11:08:34","date_gmt":"2023-12-20T11:08:34","guid":{"rendered":"https:\/\/motoshopextreme.ba\/?post_type=product&#038;p=2473"},"modified":"2023-12-20T11:11:18","modified_gmt":"2023-12-20T11:11:18","slug":"motul-dot5-1-kociona-tekucina","status":"publish","type":"product","link":"https:\/\/motoshopextreme.ba\/?product=motul-dot5-1-kociona-tekucina","title":{"rendered":"MOTUL DOT5.1 &#8211; Ko\u010diona teku\u0107ina"},"content":{"rendered":"","protected":false},"excerpt":{"rendered":"<p>\ud83d\udca7 MOTUL DOT5.1 &#8211; Sigurnost ko\u010denja na najvi\u0161oj razini! \ud83d\uded1 Ova ko\u010diona teku\u0107ina pru\u017ea visoku temperaturnu stabilnost, pobolj\u0161ava performanse ko\u010denja i dugotrajno odr\u017eava stabilan rad ko\u010dionog sustava.<\/p>\n","protected":false},"featured_media":2474,"template":"","meta":[],"product_brand":[],"product_cat":[151],"product_tag":[],"class_list":{"0":"post-2473","1":"product","2":"type-product","3":"status-publish","4":"has-post-thumbnail","6":"product_cat-ulja-i-maziva","8":"first","9":"instock","10":"sale","11":"taxable","12":"shipping-taxable","13":"purchasable","14":"product-type-simple"},"_links":{"self":[{"href":"https:\/\/motoshopextreme.ba\/index.php?rest_route=\/wp\/v2\/product\/2473","targetHints":{"allow":["GET"]}}],"collection":[{"href":"https:\/\/motoshopextreme.ba\/index.php?rest_route=\/wp\/v2\/product"}],"about":[{"href":"https:\/\/motoshopextreme.ba\/index.php?rest_route=\/wp\/v2\/types\/product"}],"wp:featuredmedia":[{"embeddable":true,"href":"https:\/\/motoshopextreme.ba\/index.php?rest_route=\/wp\/v2\/media\/2474"}],"wp:attachment":[{"href":"https:\/\/motoshopextreme.ba\/index.php?rest_route=%2Fwp%2Fv2%2Fmedia&parent=2473"}],"wp:term":[{"taxonomy":"product_brand","embeddable":true,"href":"https:\/\/motoshopextreme.ba\/index.php?rest_route=%2Fwp%2Fv2%2Fproduct_brand&post=2473"},{"taxonomy":"product_cat","embeddable":true,"href":"https:\/\/motoshopextreme.ba\/index.php?rest_route=%2Fwp%2Fv2%2Fproduct_cat&post=2473"},{"taxonomy":"product_tag","embeddable":true,"href":"https:\/\/motoshopextreme.ba\/index.php?rest_route=%2Fwp%2Fv2%2Fproduct_tag&post=2473"}],"curies":[{"name":"wp","href":"https:\/\/api.w.org\/{rel}","templated":true}]}}