{"id":2475,"date":"2023-12-20T11:12:25","date_gmt":"2023-12-20T11:12:25","guid":{"rendered":"https:\/\/motoshopextreme.ba\/?post_type=product&#038;p=2475"},"modified":"2023-12-20T11:14:21","modified_gmt":"2023-12-20T11:14:21","slug":"motul-motocool-expert-rashladna-tekucina","status":"publish","type":"product","link":"https:\/\/motoshopextreme.ba\/?product=motul-motocool-expert-rashladna-tekucina","title":{"rendered":"MOTUL Motocool Expert &#8211; Rashladna teku\u0107ina"},"content":{"rendered":"","protected":false},"excerpt":{"rendered":"<p>\u2744\ufe0f MOTUL Motocool Expert &#8211; U\u010dinkovito hla\u0111enje motora za najbolje performanse! \ud83c\udf21\ufe0f Ova rashladna teku\u0107ina pru\u017ea izvanrednu termalnu za\u0161titu motora, \u010dime osigurava optimalnu radnu temperaturu \u010dak i u zahtjevnim uvjetima vo\u017enje.<\/p>\n","protected":false},"featured_media":2476,"template":"","meta":[],"product_brand":[],"product_cat":[151],"product_tag":[],"class_list":{"0":"post-2475","1":"product","2":"type-product","3":"status-publish","4":"has-post-thumbnail","6":"product_cat-ulja-i-maziva","8":"first","9":"instock","10":"taxable","11":"shipping-taxable","12":"purchasable","13":"product-type-simple"},"_links":{"self":[{"href":"https:\/\/motoshopextreme.ba\/index.php?rest_route=\/wp\/v2\/product\/2475","targetHints":{"allow":["GET"]}}],"collection":[{"href":"https:\/\/motoshopextreme.ba\/index.php?rest_route=\/wp\/v2\/product"}],"about":[{"href":"https:\/\/motoshopextreme.ba\/index.php?rest_route=\/wp\/v2\/types\/product"}],"wp:featuredmedia":[{"embeddable":true,"href":"https:\/\/motoshopextreme.ba\/index.php?rest_route=\/wp\/v2\/media\/2476"}],"wp:attachment":[{"href":"https:\/\/motoshopextreme.ba\/index.php?rest_route=%2Fwp%2Fv2%2Fmedia&parent=2475"}],"wp:term":[{"taxonomy":"product_brand","embeddable":true,"href":"https:\/\/motoshopextreme.ba\/index.php?rest_route=%2Fwp%2Fv2%2Fproduct_brand&post=2475"},{"taxonomy":"product_cat","embeddable":true,"href":"https:\/\/motoshopextreme.ba\/index.php?rest_route=%2Fwp%2Fv2%2Fproduct_cat&post=2475"},{"taxonomy":"product_tag","embeddable":true,"href":"https:\/\/motoshopextreme.ba\/index.php?rest_route=%2Fwp%2Fv2%2Fproduct_tag&post=2475"}],"curies":[{"name":"wp","href":"https:\/\/api.w.org\/{rel}","templated":true}]}}