{"id":2477,"date":"2023-12-20T11:16:15","date_gmt":"2023-12-20T11:16:15","guid":{"rendered":"https:\/\/motoshopextreme.ba\/?post_type=product&#038;p=2477"},"modified":"2024-06-29T09:12:44","modified_gmt":"2024-06-29T08:12:44","slug":"motul-chain-clean-sprej-za-ciscenje-lanca","status":"publish","type":"product","link":"https:\/\/motoshopextreme.ba\/?product=motul-chain-clean-sprej-za-ciscenje-lanca","title":{"rendered":"MOTUL CHAIN CLEAN &#8211; Sprej za \u010di\u0161\u0107enje lanca"},"content":{"rendered":"","protected":false},"excerpt":{"rendered":"<p>\u2728 MOTUL CHAIN CLEAN &#8211; U\u010dinkovito \u010di\u0161\u0107enje za odr\u017eavanje va\u0161eg lanca! \ud83d\udee0\ufe0f Ovaj sprej omogu\u0107uje temeljito uklanjanje prljav\u0161tine, ostataka ulja i naslaga s lanca va\u0161eg motocikla, pru\u017eaju\u0107i mu potrebnu njegu i produ\u017euju\u0107i njegov vijek trajanja.<\/p>\n","protected":false},"featured_media":2478,"template":"","meta":[],"product_brand":[],"product_cat":[151],"product_tag":[],"class_list":{"0":"post-2477","1":"product","2":"type-product","3":"status-publish","4":"has-post-thumbnail","6":"product_cat-ulja-i-maziva","8":"first","9":"instock","10":"sale","11":"taxable","12":"shipping-taxable","13":"purchasable","14":"product-type-simple"},"_links":{"self":[{"href":"https:\/\/motoshopextreme.ba\/index.php?rest_route=\/wp\/v2\/product\/2477","targetHints":{"allow":["GET"]}}],"collection":[{"href":"https:\/\/motoshopextreme.ba\/index.php?rest_route=\/wp\/v2\/product"}],"about":[{"href":"https:\/\/motoshopextreme.ba\/index.php?rest_route=\/wp\/v2\/types\/product"}],"wp:featuredmedia":[{"embeddable":true,"href":"https:\/\/motoshopextreme.ba\/index.php?rest_route=\/wp\/v2\/media\/2478"}],"wp:attachment":[{"href":"https:\/\/motoshopextreme.ba\/index.php?rest_route=%2Fwp%2Fv2%2Fmedia&parent=2477"}],"wp:term":[{"taxonomy":"product_brand","embeddable":true,"href":"https:\/\/motoshopextreme.ba\/index.php?rest_route=%2Fwp%2Fv2%2Fproduct_brand&post=2477"},{"taxonomy":"product_cat","embeddable":true,"href":"https:\/\/motoshopextreme.ba\/index.php?rest_route=%2Fwp%2Fv2%2Fproduct_cat&post=2477"},{"taxonomy":"product_tag","embeddable":true,"href":"https:\/\/motoshopextreme.ba\/index.php?rest_route=%2Fwp%2Fv2%2Fproduct_tag&post=2477"}],"curies":[{"name":"wp","href":"https:\/\/api.w.org\/{rel}","templated":true}]}}