{"id":2480,"date":"2023-12-20T11:29:41","date_gmt":"2023-12-20T11:29:41","guid":{"rendered":"https:\/\/motoshopextreme.ba\/?post_type=product&#038;p=2480"},"modified":"2024-11-15T16:16:42","modified_gmt":"2024-11-15T16:16:42","slug":"smk-typhoon-thorn-kaciga","status":"publish","type":"product","link":"https:\/\/motoshopextreme.ba\/?product=smk-typhoon-thorn-kaciga","title":{"rendered":"SMK TYPHOON THORN &#8211; Kaciga"},"content":{"rendered":"","protected":false},"excerpt":{"rendered":"<p>\ud83d\udca5 SMK TYPHOON THORN &#8211; Bezkompromisna sigurnost i stil! \ud83d\udc4a Ova full-face kaciga spaja izvanrednu za\u0161titu s modernim dizajnom, pru\u017eaju\u0107i vrhunsku udobnost i sigurnost. Izra\u0111ena s visokokvalitetnim materijalima, pru\u017ea odli\u010dnu za\u0161titu tijekom vo\u017enje, bez zanemarivanja stila.<\/p>\n","protected":false},"featured_media":2482,"template":"","meta":[],"product_brand":[],"product_cat":[153],"product_tag":[],"class_list":{"0":"post-2480","1":"product","2":"type-product","3":"status-publish","4":"has-post-thumbnail","6":"product_cat-cestovne-kacige","8":"first","9":"instock","10":"taxable","11":"shipping-taxable","12":"purchasable","13":"product-type-variable"},"_links":{"self":[{"href":"https:\/\/motoshopextreme.ba\/index.php?rest_route=\/wp\/v2\/product\/2480","targetHints":{"allow":["GET"]}}],"collection":[{"href":"https:\/\/motoshopextreme.ba\/index.php?rest_route=\/wp\/v2\/product"}],"about":[{"href":"https:\/\/motoshopextreme.ba\/index.php?rest_route=\/wp\/v2\/types\/product"}],"wp:featuredmedia":[{"embeddable":true,"href":"https:\/\/motoshopextreme.ba\/index.php?rest_route=\/wp\/v2\/media\/2482"}],"wp:attachment":[{"href":"https:\/\/motoshopextreme.ba\/index.php?rest_route=%2Fwp%2Fv2%2Fmedia&parent=2480"}],"wp:term":[{"taxonomy":"product_brand","embeddable":true,"href":"https:\/\/motoshopextreme.ba\/index.php?rest_route=%2Fwp%2Fv2%2Fproduct_brand&post=2480"},{"taxonomy":"product_cat","embeddable":true,"href":"https:\/\/motoshopextreme.ba\/index.php?rest_route=%2Fwp%2Fv2%2Fproduct_cat&post=2480"},{"taxonomy":"product_tag","embeddable":true,"href":"https:\/\/motoshopextreme.ba\/index.php?rest_route=%2Fwp%2Fv2%2Fproduct_tag&post=2480"}],"curies":[{"name":"wp","href":"https:\/\/api.w.org\/{rel}","templated":true}]}}