{"id":2487,"date":"2023-12-20T11:38:35","date_gmt":"2023-12-20T11:38:35","guid":{"rendered":"https:\/\/motoshopextreme.ba\/?post_type=product&#038;p=2487"},"modified":"2024-11-15T16:17:03","modified_gmt":"2024-11-15T16:17:03","slug":"smk-stellar-squad-kaciga","status":"publish","type":"product","link":"https:\/\/motoshopextreme.ba\/?product=smk-stellar-squad-kaciga","title":{"rendered":"SMK STELLAR SQUAD &#8211; Kaciga"},"content":{"rendered":"","protected":false},"excerpt":{"rendered":"<p>SMK STELLAR SQUAD kaciga &#8211; Snaga i stil u jednom! Ova kaciga spaja robusnu za\u0161titu s vrhunskim dizajnom, pru\u017eaju\u0107i izvanrednu sigurnost i udobnost. Bez obzira na uvjete vo\u017enje, ova kaciga pru\u017ea vrhunsku za\u0161titu uz nevjerojatan osje\u0107aj udobnosti.<\/p>\n","protected":false},"featured_media":2492,"template":"","meta":[],"product_brand":[],"product_cat":[153],"product_tag":[],"class_list":{"0":"post-2487","1":"product","2":"type-product","3":"status-publish","4":"has-post-thumbnail","6":"product_cat-cestovne-kacige","8":"first","9":"instock","10":"taxable","11":"shipping-taxable","12":"purchasable","13":"product-type-variable"},"_links":{"self":[{"href":"https:\/\/motoshopextreme.ba\/index.php?rest_route=\/wp\/v2\/product\/2487","targetHints":{"allow":["GET"]}}],"collection":[{"href":"https:\/\/motoshopextreme.ba\/index.php?rest_route=\/wp\/v2\/product"}],"about":[{"href":"https:\/\/motoshopextreme.ba\/index.php?rest_route=\/wp\/v2\/types\/product"}],"wp:featuredmedia":[{"embeddable":true,"href":"https:\/\/motoshopextreme.ba\/index.php?rest_route=\/wp\/v2\/media\/2492"}],"wp:attachment":[{"href":"https:\/\/motoshopextreme.ba\/index.php?rest_route=%2Fwp%2Fv2%2Fmedia&parent=2487"}],"wp:term":[{"taxonomy":"product_brand","embeddable":true,"href":"https:\/\/motoshopextreme.ba\/index.php?rest_route=%2Fwp%2Fv2%2Fproduct_brand&post=2487"},{"taxonomy":"product_cat","embeddable":true,"href":"https:\/\/motoshopextreme.ba\/index.php?rest_route=%2Fwp%2Fv2%2Fproduct_cat&post=2487"},{"taxonomy":"product_tag","embeddable":true,"href":"https:\/\/motoshopextreme.ba\/index.php?rest_route=%2Fwp%2Fv2%2Fproduct_tag&post=2487"}],"curies":[{"name":"wp","href":"https:\/\/api.w.org\/{rel}","templated":true}]}}