{"id":2507,"date":"2023-12-20T12:37:09","date_gmt":"2023-12-20T12:37:09","guid":{"rendered":"https:\/\/motoshopextreme.ba\/?post_type=product&#038;p=2507"},"modified":"2023-12-20T12:38:16","modified_gmt":"2023-12-20T12:38:16","slug":"filter-ulja-hf631-beta","status":"publish","type":"product","link":"https:\/\/motoshopextreme.ba\/?product=filter-ulja-hf631-beta","title":{"rendered":"Filter Ulja HF631 &#8211; BETA"},"content":{"rendered":"<p>Filter ulja odgovara: BETA RR, RS 350-520 2005-2017<\/p>\n","protected":false},"excerpt":{"rendered":"<p>Filteri ulja su klju\u010dni dio odr\u017eavanja motocikla, filtriraju\u0107i ulje kako bi se sprije\u010dilo uno\u0161enje ne\u010disto\u0107a i \u010destica u motor. Ovaj vitalni dio osigurava \u010distu i sigurnu cirkulaciju ulja kroz motor, \u0161to zna\u010di bolju za\u0161titu i pobolj\u0161anu izdr\u017eljivost motora tvog motocikla. Jednostavan za zamjenu i od izuzetne va\u017enosti za dugovje\u010dnost motora, filter ulja pru\u017ea kvalitetu i za\u0161titu koju tvoj motocikl zaslu\u017euje<\/p>\n","protected":false},"featured_media":2508,"template":"","meta":[],"product_brand":[],"product_cat":[191],"product_tag":[],"class_list":{"0":"post-2507","1":"product","2":"type-product","3":"status-publish","4":"has-post-thumbnail","6":"product_cat-masina-beta","8":"first","9":"instock","10":"taxable","11":"shipping-taxable","12":"purchasable","13":"product-type-simple"},"_links":{"self":[{"href":"https:\/\/motoshopextreme.ba\/index.php?rest_route=\/wp\/v2\/product\/2507","targetHints":{"allow":["GET"]}}],"collection":[{"href":"https:\/\/motoshopextreme.ba\/index.php?rest_route=\/wp\/v2\/product"}],"about":[{"href":"https:\/\/motoshopextreme.ba\/index.php?rest_route=\/wp\/v2\/types\/product"}],"wp:featuredmedia":[{"embeddable":true,"href":"https:\/\/motoshopextreme.ba\/index.php?rest_route=\/wp\/v2\/media\/2508"}],"wp:attachment":[{"href":"https:\/\/motoshopextreme.ba\/index.php?rest_route=%2Fwp%2Fv2%2Fmedia&parent=2507"}],"wp:term":[{"taxonomy":"product_brand","embeddable":true,"href":"https:\/\/motoshopextreme.ba\/index.php?rest_route=%2Fwp%2Fv2%2Fproduct_brand&post=2507"},{"taxonomy":"product_cat","embeddable":true,"href":"https:\/\/motoshopextreme.ba\/index.php?rest_route=%2Fwp%2Fv2%2Fproduct_cat&post=2507"},{"taxonomy":"product_tag","embeddable":true,"href":"https:\/\/motoshopextreme.ba\/index.php?rest_route=%2Fwp%2Fv2%2Fproduct_tag&post=2507"}],"curies":[{"name":"wp","href":"https:\/\/api.w.org\/{rel}","templated":true}]}}