{"id":2525,"date":"2023-12-20T13:20:32","date_gmt":"2023-12-20T13:20:32","guid":{"rendered":"https:\/\/motoshopextreme.ba\/?post_type=product&#038;p=2525"},"modified":"2023-12-20T13:21:25","modified_gmt":"2023-12-20T13:21:25","slug":"lancanik-zadnji-50z-yamaha","status":"publish","type":"product","link":"https:\/\/motoshopextreme.ba\/?product=lancanik-zadnji-50z-yamaha","title":{"rendered":"Lan\u010danik Zadnji 50z &#8211; YAMAHA"},"content":{"rendered":"<p>Zup\u010danik stra\u017enji \u010delik, tip lanca: 520, broj zuba: 50 (&#8220;self-cleaning&#8221; bez \u010di\u0161\u0107enja) odgovara: YAMAHA FX, TT-R, WR, YZ 125-450 1998-2020<\/p>\n","protected":false},"excerpt":{"rendered":"<p>Zadnji lan\u010danik , klju\u010dna komponenta prijenosa za motocikle, osigurava u\u010dinkovitu prijenosnu funkciju. Kvalitetan zup\u010danik jam\u010di precizno prianjanje i rotaciju stra\u017enjeg kota\u010da, \u0161to doprinosi boljem upravljanju i performansama vozila. \ud83d\udca5\ud83c\udfcd\ufe0f<\/p>\n","protected":false},"featured_media":2516,"template":"","meta":[],"product_brand":[],"product_cat":[195],"product_tag":[],"class_list":{"0":"post-2525","1":"product","2":"type-product","3":"status-publish","4":"has-post-thumbnail","6":"product_cat-sasija-yamaha","8":"first","9":"instock","10":"taxable","11":"shipping-taxable","12":"purchasable","13":"product-type-simple"},"_links":{"self":[{"href":"https:\/\/motoshopextreme.ba\/index.php?rest_route=\/wp\/v2\/product\/2525","targetHints":{"allow":["GET"]}}],"collection":[{"href":"https:\/\/motoshopextreme.ba\/index.php?rest_route=\/wp\/v2\/product"}],"about":[{"href":"https:\/\/motoshopextreme.ba\/index.php?rest_route=\/wp\/v2\/types\/product"}],"wp:featuredmedia":[{"embeddable":true,"href":"https:\/\/motoshopextreme.ba\/index.php?rest_route=\/wp\/v2\/media\/2516"}],"wp:attachment":[{"href":"https:\/\/motoshopextreme.ba\/index.php?rest_route=%2Fwp%2Fv2%2Fmedia&parent=2525"}],"wp:term":[{"taxonomy":"product_brand","embeddable":true,"href":"https:\/\/motoshopextreme.ba\/index.php?rest_route=%2Fwp%2Fv2%2Fproduct_brand&post=2525"},{"taxonomy":"product_cat","embeddable":true,"href":"https:\/\/motoshopextreme.ba\/index.php?rest_route=%2Fwp%2Fv2%2Fproduct_cat&post=2525"},{"taxonomy":"product_tag","embeddable":true,"href":"https:\/\/motoshopextreme.ba\/index.php?rest_route=%2Fwp%2Fv2%2Fproduct_tag&post=2525"}],"curies":[{"name":"wp","href":"https:\/\/api.w.org\/{rel}","templated":true}]}}