{"id":2530,"date":"2023-12-20T13:34:10","date_gmt":"2023-12-20T13:34:10","guid":{"rendered":"https:\/\/motoshopextreme.ba\/?post_type=product&#038;p=2530"},"modified":"2023-12-20T13:35:20","modified_gmt":"2023-12-20T13:35:20","slug":"lancanik-zadnji-50z-ktm-husqvarna-gas-gas","status":"publish","type":"product","link":"https:\/\/motoshopextreme.ba\/?product=lancanik-zadnji-50z-ktm-husqvarna-gas-gas","title":{"rendered":"Lan\u010danik Zadnji 50z &#8211; KTM HUSQVARNA GAS GAS"},"content":{"rendered":"<p>Lan\u010danik stra\u017enji , tip lanca: 520, broj zuba: 50 (crna) odgovara: HUSABERG FC, FE, FS, FX, TE; HUSQVARNA FC, FE, FR, FS, TC, TE, TX, FX; KTM DUKE, EGS, ENDURO, EXC, EXC-F 125-690 1990-2018<\/p>\n","protected":false},"excerpt":{"rendered":"<p>Zadnji lan\u010danik , klju\u010dna komponenta prijenosa za motocikle, osigurava u\u010dinkovitu prijenosnu funkciju. Kvalitetan zup\u010danik jam\u010di precizno prianjanje i rotaciju stra\u017enjeg kota\u010da, \u0161to doprinosi boljem upravljanju i performansama vozila. \ud83d\udca5\ud83c\udfcd\ufe0f<\/p>\n","protected":false},"featured_media":2516,"template":"","meta":[],"product_brand":[],"product_cat":[178,192],"product_tag":[],"class_list":{"0":"post-2530","1":"product","2":"type-product","3":"status-publish","4":"has-post-thumbnail","6":"product_cat-sasija","7":"product_cat-sasija-husqvarna","9":"first","10":"instock","11":"taxable","12":"shipping-taxable","13":"purchasable","14":"product-type-simple"},"_links":{"self":[{"href":"https:\/\/motoshopextreme.ba\/index.php?rest_route=\/wp\/v2\/product\/2530","targetHints":{"allow":["GET"]}}],"collection":[{"href":"https:\/\/motoshopextreme.ba\/index.php?rest_route=\/wp\/v2\/product"}],"about":[{"href":"https:\/\/motoshopextreme.ba\/index.php?rest_route=\/wp\/v2\/types\/product"}],"wp:featuredmedia":[{"embeddable":true,"href":"https:\/\/motoshopextreme.ba\/index.php?rest_route=\/wp\/v2\/media\/2516"}],"wp:attachment":[{"href":"https:\/\/motoshopextreme.ba\/index.php?rest_route=%2Fwp%2Fv2%2Fmedia&parent=2530"}],"wp:term":[{"taxonomy":"product_brand","embeddable":true,"href":"https:\/\/motoshopextreme.ba\/index.php?rest_route=%2Fwp%2Fv2%2Fproduct_brand&post=2530"},{"taxonomy":"product_cat","embeddable":true,"href":"https:\/\/motoshopextreme.ba\/index.php?rest_route=%2Fwp%2Fv2%2Fproduct_cat&post=2530"},{"taxonomy":"product_tag","embeddable":true,"href":"https:\/\/motoshopextreme.ba\/index.php?rest_route=%2Fwp%2Fv2%2Fproduct_tag&post=2530"}],"curies":[{"name":"wp","href":"https:\/\/api.w.org\/{rel}","templated":true}]}}