{"id":2533,"date":"2023-12-20T13:48:56","date_gmt":"2023-12-20T13:48:56","guid":{"rendered":"https:\/\/motoshopextreme.ba\/?post_type=product&#038;p=2533"},"modified":"2023-12-20T13:50:56","modified_gmt":"2023-12-20T13:50:56","slug":"mitas-ef-07-double-green-140-80-18","status":"publish","type":"product","link":"https:\/\/motoshopextreme.ba\/?product=mitas-ef-07-double-green-140-80-18","title":{"rendered":"Mitas EF-07 DOUBLE GREEN 140\/80-18"},"content":{"rendered":"","protected":false},"excerpt":{"rendered":"<p>\ud83c\udf32 Mitas EF-07 je pneumatik za enduro koji udovoljava standardima FIM-a, razvijen u suradnji s vrhunskim enduro utrkiva\u010dima. Namijenjen je za te\u017ee enduro utrke. U usporedbi sa Super verzijom, ima mek\u0161u smjesu gaze\u0107eg sloja koja osigurava bolje prianjanje i performanse na tvrdom terenu, stjenovitom terenu ili mokrom podru\u010dju.&#8221;<\/p>\n","protected":false},"featured_media":2534,"template":"","meta":[],"product_brand":[],"product_cat":[160],"product_tag":[],"class_list":{"0":"post-2533","1":"product","2":"type-product","3":"status-publish","4":"has-post-thumbnail","6":"product_cat-off-road-gume","8":"first","9":"instock","10":"taxable","11":"shipping-taxable","12":"purchasable","13":"product-type-simple"},"_links":{"self":[{"href":"https:\/\/motoshopextreme.ba\/index.php?rest_route=\/wp\/v2\/product\/2533","targetHints":{"allow":["GET"]}}],"collection":[{"href":"https:\/\/motoshopextreme.ba\/index.php?rest_route=\/wp\/v2\/product"}],"about":[{"href":"https:\/\/motoshopextreme.ba\/index.php?rest_route=\/wp\/v2\/types\/product"}],"wp:featuredmedia":[{"embeddable":true,"href":"https:\/\/motoshopextreme.ba\/index.php?rest_route=\/wp\/v2\/media\/2534"}],"wp:attachment":[{"href":"https:\/\/motoshopextreme.ba\/index.php?rest_route=%2Fwp%2Fv2%2Fmedia&parent=2533"}],"wp:term":[{"taxonomy":"product_brand","embeddable":true,"href":"https:\/\/motoshopextreme.ba\/index.php?rest_route=%2Fwp%2Fv2%2Fproduct_brand&post=2533"},{"taxonomy":"product_cat","embeddable":true,"href":"https:\/\/motoshopextreme.ba\/index.php?rest_route=%2Fwp%2Fv2%2Fproduct_cat&post=2533"},{"taxonomy":"product_tag","embeddable":true,"href":"https:\/\/motoshopextreme.ba\/index.php?rest_route=%2Fwp%2Fv2%2Fproduct_tag&post=2533"}],"curies":[{"name":"wp","href":"https:\/\/api.w.org\/{rel}","templated":true}]}}