{"id":2543,"date":"2023-12-20T14:13:29","date_gmt":"2023-12-20T14:13:29","guid":{"rendered":"https:\/\/motoshopextreme.ba\/?post_type=product&#038;p=2543"},"modified":"2023-12-20T14:13:34","modified_gmt":"2023-12-20T14:13:34","slug":"unutarnja-zracnica-21","status":"publish","type":"product","link":"https:\/\/motoshopextreme.ba\/?product=unutarnja-zracnica-21","title":{"rendered":"Unutarnja Zra\u010dnica 21"},"content":{"rendered":"","protected":false},"excerpt":{"rendered":"<p>\ud83d\udd27 Pru\u017eite svojim to\u010dka dodatnu za\u0161titu uz unutarnje zra\u010dnice &#8211; poznate i kao slauf za motocikl to\u010dkove! Ove zra\u010dnice su klju\u010dne za odr\u017eavanje optimalnog tlaka u gumama, osiguravaju\u0107i pouzdanost i dugovje\u010dnost va\u0161ih guma.\ud83d\udca1\u2699\ufe0f Neizostavan dio va\u0161eg motocikla za sigurnu vo\u017enju i izdr\u017eljivost na svim terenima. \ud83c\udfcd\ufe0f\ud83d\udd27<\/p>\n","protected":false},"featured_media":2541,"template":"","meta":[],"product_brand":[],"product_cat":[150],"product_tag":[],"class_list":{"0":"post-2543","1":"product","2":"type-product","3":"status-publish","4":"has-post-thumbnail","6":"product_cat-mousse-tubliss","8":"first","9":"instock","10":"taxable","11":"shipping-taxable","12":"purchasable","13":"product-type-simple"},"_links":{"self":[{"href":"https:\/\/motoshopextreme.ba\/index.php?rest_route=\/wp\/v2\/product\/2543","targetHints":{"allow":["GET"]}}],"collection":[{"href":"https:\/\/motoshopextreme.ba\/index.php?rest_route=\/wp\/v2\/product"}],"about":[{"href":"https:\/\/motoshopextreme.ba\/index.php?rest_route=\/wp\/v2\/types\/product"}],"wp:featuredmedia":[{"embeddable":true,"href":"https:\/\/motoshopextreme.ba\/index.php?rest_route=\/wp\/v2\/media\/2541"}],"wp:attachment":[{"href":"https:\/\/motoshopextreme.ba\/index.php?rest_route=%2Fwp%2Fv2%2Fmedia&parent=2543"}],"wp:term":[{"taxonomy":"product_brand","embeddable":true,"href":"https:\/\/motoshopextreme.ba\/index.php?rest_route=%2Fwp%2Fv2%2Fproduct_brand&post=2543"},{"taxonomy":"product_cat","embeddable":true,"href":"https:\/\/motoshopextreme.ba\/index.php?rest_route=%2Fwp%2Fv2%2Fproduct_cat&post=2543"},{"taxonomy":"product_tag","embeddable":true,"href":"https:\/\/motoshopextreme.ba\/index.php?rest_route=%2Fwp%2Fv2%2Fproduct_tag&post=2543"}],"curies":[{"name":"wp","href":"https:\/\/api.w.org\/{rel}","templated":true}]}}