{"id":2545,"date":"2023-12-20T14:24:33","date_gmt":"2023-12-20T14:24:33","guid":{"rendered":"https:\/\/motoshopextreme.ba\/?post_type=product&#038;p=2545"},"modified":"2023-12-20T14:26:32","modified_gmt":"2023-12-20T14:26:32","slug":"neutech-tubliss-gen-2-0-18","status":"publish","type":"product","link":"https:\/\/motoshopextreme.ba\/?product=neutech-tubliss-gen-2-0-18","title":{"rendered":"Neutech Tubliss Gen 2.0 18&#8243;"},"content":{"rendered":"","protected":false},"excerpt":{"rendered":"<p>Tubliss Gen 2: za pouzdanu vo\u017enju bez zra\u010dnica! Zamjenjuje unutarnju zra\u010dnicu umetkom visokog tlaka koji eliminira probijanje zra\u010dnice i omogu\u0107uje vo\u017enju s ni\u017eim pritiskom bez opasnosti od odvaljivanja ventila. \ud83c\udfcd\ufe0f\u2728 #TublissGen2 #BezZra\u010dnica<\/p>\n","protected":false},"featured_media":2546,"template":"","meta":[],"product_brand":[],"product_cat":[150],"product_tag":[],"class_list":{"0":"post-2545","1":"product","2":"type-product","3":"status-publish","4":"has-post-thumbnail","6":"product_cat-mousse-tubliss","8":"first","9":"instock","10":"taxable","11":"shipping-taxable","12":"purchasable","13":"product-type-simple"},"_links":{"self":[{"href":"https:\/\/motoshopextreme.ba\/index.php?rest_route=\/wp\/v2\/product\/2545","targetHints":{"allow":["GET"]}}],"collection":[{"href":"https:\/\/motoshopextreme.ba\/index.php?rest_route=\/wp\/v2\/product"}],"about":[{"href":"https:\/\/motoshopextreme.ba\/index.php?rest_route=\/wp\/v2\/types\/product"}],"wp:featuredmedia":[{"embeddable":true,"href":"https:\/\/motoshopextreme.ba\/index.php?rest_route=\/wp\/v2\/media\/2546"}],"wp:attachment":[{"href":"https:\/\/motoshopextreme.ba\/index.php?rest_route=%2Fwp%2Fv2%2Fmedia&parent=2545"}],"wp:term":[{"taxonomy":"product_brand","embeddable":true,"href":"https:\/\/motoshopextreme.ba\/index.php?rest_route=%2Fwp%2Fv2%2Fproduct_brand&post=2545"},{"taxonomy":"product_cat","embeddable":true,"href":"https:\/\/motoshopextreme.ba\/index.php?rest_route=%2Fwp%2Fv2%2Fproduct_cat&post=2545"},{"taxonomy":"product_tag","embeddable":true,"href":"https:\/\/motoshopextreme.ba\/index.php?rest_route=%2Fwp%2Fv2%2Fproduct_tag&post=2545"}],"curies":[{"name":"wp","href":"https:\/\/api.w.org\/{rel}","templated":true}]}}