{"id":2547,"date":"2023-12-20T15:24:38","date_gmt":"2023-12-20T15:24:38","guid":{"rendered":"https:\/\/motoshopextreme.ba\/?post_type=product&#038;p=2547"},"modified":"2023-12-20T15:28:03","modified_gmt":"2023-12-20T15:28:03","slug":"zadnje-plocice-ktm-husqvarna-sherco-husaberg-gas-gas","status":"publish","type":"product","link":"https:\/\/motoshopextreme.ba\/?product=zadnje-plocice-ktm-husqvarna-sherco-husaberg-gas-gas","title":{"rendered":"Zadnje Plo\u010dice &#8211; KTM HUSQVARNA SHERCO HUSABERG GAS GAS"},"content":{"rendered":"","protected":false},"excerpt":{"rendered":"<p>Ko\u010dnice su od izuzetne va\u017enosti, osobito u ekstremnim uvjetima vo\u017enje poput endura ili utrka u \u0161umi. U tim uvjetima, gdje je teren \u010desto nepristupa\u010dan i promjenjiv, ko\u010dnice su klju\u010dne za sigurnost i kontrolu tijekom vo\u017enje. Pouzdane i sna\u017ene ko\u010dnice omogu\u0107uju voza\u010dima da precizno upravljaju motociklom, zaustavljaju se na zahtjevnim terenima te pru\u017eaju stabilnost u brzim zavojima i strmim spustovima. Kvalitetne ko\u010dnice s adekvatnom snagom zaustavljanja \u010desto su odlu\u010duju\u0107i faktor u postizanju uspjeha i sigurnosti tijekom natjecanja u enduru.<\/p>\n","protected":false},"featured_media":2548,"template":"","meta":[],"product_brand":[],"product_cat":[178,192,197],"product_tag":[],"class_list":{"0":"post-2547","1":"product","2":"type-product","3":"status-publish","4":"has-post-thumbnail","6":"product_cat-sasija","7":"product_cat-sasija-husqvarna","8":"product_cat-sasija-sherco","10":"first","11":"instock","12":"taxable","13":"shipping-taxable","14":"purchasable","15":"product-type-simple"},"_links":{"self":[{"href":"https:\/\/motoshopextreme.ba\/index.php?rest_route=\/wp\/v2\/product\/2547","targetHints":{"allow":["GET"]}}],"collection":[{"href":"https:\/\/motoshopextreme.ba\/index.php?rest_route=\/wp\/v2\/product"}],"about":[{"href":"https:\/\/motoshopextreme.ba\/index.php?rest_route=\/wp\/v2\/types\/product"}],"wp:featuredmedia":[{"embeddable":true,"href":"https:\/\/motoshopextreme.ba\/index.php?rest_route=\/wp\/v2\/media\/2548"}],"wp:attachment":[{"href":"https:\/\/motoshopextreme.ba\/index.php?rest_route=%2Fwp%2Fv2%2Fmedia&parent=2547"}],"wp:term":[{"taxonomy":"product_brand","embeddable":true,"href":"https:\/\/motoshopextreme.ba\/index.php?rest_route=%2Fwp%2Fv2%2Fproduct_brand&post=2547"},{"taxonomy":"product_cat","embeddable":true,"href":"https:\/\/motoshopextreme.ba\/index.php?rest_route=%2Fwp%2Fv2%2Fproduct_cat&post=2547"},{"taxonomy":"product_tag","embeddable":true,"href":"https:\/\/motoshopextreme.ba\/index.php?rest_route=%2Fwp%2Fv2%2Fproduct_tag&post=2547"}],"curies":[{"name":"wp","href":"https:\/\/api.w.org\/{rel}","templated":true}]}}