{"id":2555,"date":"2023-12-20T15:42:37","date_gmt":"2023-12-20T15:42:37","guid":{"rendered":"https:\/\/motoshopextreme.ba\/?post_type=product&#038;p=2555"},"modified":"2023-12-20T15:51:07","modified_gmt":"2023-12-20T15:51:07","slug":"univerzalni-volan-za-enduro-i-motocross-motocikle","status":"publish","type":"product","link":"https:\/\/motoshopextreme.ba\/?product=univerzalni-volan-za-enduro-i-motocross-motocikle","title":{"rendered":"Univerzalni volan za Enduro i Motocross Motocikle"},"content":{"rendered":"","protected":false},"excerpt":{"rendered":"<p>Univerzalni volan za motocikle &#8211; idealan za avanturiste koji tra\u017ee strast i uzbu\u0111enje. Njegova robusna konstrukcija pru\u017ea snagu i izdr\u017eljivost, dok je dizajniran za bezbri\u017enu vo\u017enju i izazove terena. Prilagodljiv i svestran, ovaj volan pru\u017ea siguran hvat i pouzdanost u svakoj avanturi. Spreman za vatru i strast u vo\u017enji!&#8221;<\/p>\n","protected":false},"featured_media":2557,"template":"","meta":[],"product_brand":[],"product_cat":[195,178,196,192,197,193,198,194],"product_tag":[],"class_list":{"0":"post-2555","1":"product","2":"type-product","3":"status-publish","4":"has-post-thumbnail","6":"product_cat-sasija-yamaha","7":"product_cat-sasija","8":"product_cat-sasija-kawasaki","9":"product_cat-sasija-husqvarna","10":"product_cat-sasija-sherco","11":"product_cat-sasija-beta","12":"product_cat-sasija-suzuki","13":"product_cat-sasija-honda","15":"first","16":"instock","17":"taxable","18":"shipping-taxable","19":"purchasable","20":"product-type-simple"},"_links":{"self":[{"href":"https:\/\/motoshopextreme.ba\/index.php?rest_route=\/wp\/v2\/product\/2555","targetHints":{"allow":["GET"]}}],"collection":[{"href":"https:\/\/motoshopextreme.ba\/index.php?rest_route=\/wp\/v2\/product"}],"about":[{"href":"https:\/\/motoshopextreme.ba\/index.php?rest_route=\/wp\/v2\/types\/product"}],"wp:featuredmedia":[{"embeddable":true,"href":"https:\/\/motoshopextreme.ba\/index.php?rest_route=\/wp\/v2\/media\/2557"}],"wp:attachment":[{"href":"https:\/\/motoshopextreme.ba\/index.php?rest_route=%2Fwp%2Fv2%2Fmedia&parent=2555"}],"wp:term":[{"taxonomy":"product_brand","embeddable":true,"href":"https:\/\/motoshopextreme.ba\/index.php?rest_route=%2Fwp%2Fv2%2Fproduct_brand&post=2555"},{"taxonomy":"product_cat","embeddable":true,"href":"https:\/\/motoshopextreme.ba\/index.php?rest_route=%2Fwp%2Fv2%2Fproduct_cat&post=2555"},{"taxonomy":"product_tag","embeddable":true,"href":"https:\/\/motoshopextreme.ba\/index.php?rest_route=%2Fwp%2Fv2%2Fproduct_tag&post=2555"}],"curies":[{"name":"wp","href":"https:\/\/api.w.org\/{rel}","templated":true}]}}