{"id":2559,"date":"2023-12-20T15:51:19","date_gmt":"2023-12-20T15:51:19","guid":{"rendered":"https:\/\/motoshopextreme.ba\/?post_type=product&#038;p=2559"},"modified":"2023-12-20T15:55:43","modified_gmt":"2023-12-20T15:55:43","slug":"jt-lanac-520-sa-x-ring-gumicama-118-duzina","status":"publish","type":"product","link":"https:\/\/motoshopextreme.ba\/?product=jt-lanac-520-sa-x-ring-gumicama-118-duzina","title":{"rendered":"JT Lanac 520 sa X Ring Gumicama 118 Du\u017eina"},"content":{"rendered":"","protected":false},"excerpt":{"rendered":"<p>JT lanac 520 sa X-Ring gumicama u du\u017eini od 118 karika &#8211; vrhunski lanac prilago\u0111en za sve uvjete vo\u017enje. Opremljen X-Ring gumicama, pru\u017ea ne samo izvanrednu izdr\u017eljivost ve\u0107 i za\u0161titu od pra\u0161ine i prljav\u0161tine. Idealno rje\u0161enje za voza\u010de koji tra\u017ee kvalitetu i pouzdanost bez obzira na uvjete vo\u017enje.<\/p>\n","protected":false},"featured_media":2560,"template":"","meta":[],"product_brand":[],"product_cat":[195,178,196,192,197,193,198,194],"product_tag":[],"class_list":{"0":"post-2559","1":"product","2":"type-product","3":"status-publish","4":"has-post-thumbnail","6":"product_cat-sasija-yamaha","7":"product_cat-sasija","8":"product_cat-sasija-kawasaki","9":"product_cat-sasija-husqvarna","10":"product_cat-sasija-sherco","11":"product_cat-sasija-beta","12":"product_cat-sasija-suzuki","13":"product_cat-sasija-honda","15":"first","16":"instock","17":"taxable","18":"shipping-taxable","19":"purchasable","20":"product-type-simple"},"_links":{"self":[{"href":"https:\/\/motoshopextreme.ba\/index.php?rest_route=\/wp\/v2\/product\/2559","targetHints":{"allow":["GET"]}}],"collection":[{"href":"https:\/\/motoshopextreme.ba\/index.php?rest_route=\/wp\/v2\/product"}],"about":[{"href":"https:\/\/motoshopextreme.ba\/index.php?rest_route=\/wp\/v2\/types\/product"}],"wp:featuredmedia":[{"embeddable":true,"href":"https:\/\/motoshopextreme.ba\/index.php?rest_route=\/wp\/v2\/media\/2560"}],"wp:attachment":[{"href":"https:\/\/motoshopextreme.ba\/index.php?rest_route=%2Fwp%2Fv2%2Fmedia&parent=2559"}],"wp:term":[{"taxonomy":"product_brand","embeddable":true,"href":"https:\/\/motoshopextreme.ba\/index.php?rest_route=%2Fwp%2Fv2%2Fproduct_brand&post=2559"},{"taxonomy":"product_cat","embeddable":true,"href":"https:\/\/motoshopextreme.ba\/index.php?rest_route=%2Fwp%2Fv2%2Fproduct_cat&post=2559"},{"taxonomy":"product_tag","embeddable":true,"href":"https:\/\/motoshopextreme.ba\/index.php?rest_route=%2Fwp%2Fv2%2Fproduct_tag&post=2559"}],"curies":[{"name":"wp","href":"https:\/\/api.w.org\/{rel}","templated":true}]}}