{"id":2567,"date":"2023-12-23T11:21:01","date_gmt":"2023-12-23T11:21:01","guid":{"rendered":"https:\/\/motoshopextreme.ba\/?post_type=product&#038;p=2567"},"modified":"2023-12-23T11:21:01","modified_gmt":"2023-12-23T11:21:01","slug":"zadnje-plocice-yamaha-wr-yz","status":"publish","type":"product","link":"https:\/\/motoshopextreme.ba\/?product=zadnje-plocice-yamaha-wr-yz","title":{"rendered":"Zadnje Plo\u010dice &#8211; Yamaha WR YZ"},"content":{"rendered":"","protected":false},"excerpt":{"rendered":"<p>Osigurajte sebi sigurnu vo\u017enju u svakom terenu! Na\u0161e kvalitetne disk plo\u010dice pru\u017eaju izvanredno ko\u010denje i pouzdanost na stazi ili u \u0161umskim uvjetima. Sa velikim asortimanom disk plo\u010dica, imamo sve \u0161to vam treba za bezbri\u017eno u\u017eivanje u vo\u017enji. Neovisno o terenu, na\u0161a \u0161iroka ponuda disk plo\u010dica osigurava vrhunsku performansu i sigurnost.<\/p>\n","protected":false},"featured_media":2568,"template":"","meta":[],"product_brand":[],"product_cat":[195],"product_tag":[],"class_list":{"0":"post-2567","1":"product","2":"type-product","3":"status-publish","4":"has-post-thumbnail","6":"product_cat-sasija-yamaha","8":"first","9":"instock","10":"taxable","11":"shipping-taxable","12":"purchasable","13":"product-type-simple"},"_links":{"self":[{"href":"https:\/\/motoshopextreme.ba\/index.php?rest_route=\/wp\/v2\/product\/2567","targetHints":{"allow":["GET"]}}],"collection":[{"href":"https:\/\/motoshopextreme.ba\/index.php?rest_route=\/wp\/v2\/product"}],"about":[{"href":"https:\/\/motoshopextreme.ba\/index.php?rest_route=\/wp\/v2\/types\/product"}],"wp:featuredmedia":[{"embeddable":true,"href":"https:\/\/motoshopextreme.ba\/index.php?rest_route=\/wp\/v2\/media\/2568"}],"wp:attachment":[{"href":"https:\/\/motoshopextreme.ba\/index.php?rest_route=%2Fwp%2Fv2%2Fmedia&parent=2567"}],"wp:term":[{"taxonomy":"product_brand","embeddable":true,"href":"https:\/\/motoshopextreme.ba\/index.php?rest_route=%2Fwp%2Fv2%2Fproduct_brand&post=2567"},{"taxonomy":"product_cat","embeddable":true,"href":"https:\/\/motoshopextreme.ba\/index.php?rest_route=%2Fwp%2Fv2%2Fproduct_cat&post=2567"},{"taxonomy":"product_tag","embeddable":true,"href":"https:\/\/motoshopextreme.ba\/index.php?rest_route=%2Fwp%2Fv2%2Fproduct_tag&post=2567"}],"curies":[{"name":"wp","href":"https:\/\/api.w.org\/{rel}","templated":true}]}}