{"id":2569,"date":"2023-12-23T11:22:08","date_gmt":"2023-12-23T11:22:08","guid":{"rendered":"https:\/\/motoshopextreme.ba\/?post_type=product&#038;p=2569"},"modified":"2023-12-23T11:28:44","modified_gmt":"2023-12-23T11:28:44","slug":"prednje-plocice-beta-yamaha-honda-kawasaki","status":"publish","type":"product","link":"https:\/\/motoshopextreme.ba\/?product=prednje-plocice-beta-yamaha-honda-kawasaki","title":{"rendered":"Prednje Plo\u010dice &#8211; Beta Yamaha Honda Kawasaki"},"content":{"rendered":"","protected":false},"excerpt":{"rendered":"<p>Osigurajte sebi sigurnu vo\u017enju u svakom terenu! Na\u0161e kvalitetne disk plo\u010dice pru\u017eaju izvanredno ko\u010denje i pouzdanost na stazi ili u \u0161umskim uvjetima. Sa velikim asortimanom disk plo\u010dica, imamo sve \u0161to vam treba za bezbri\u017eno u\u017eivanje u vo\u017enji. Neovisno o terenu, na\u0161a \u0161iroka ponuda disk plo\u010dica osigurava vrhunsku performansu i sigurnost.<\/p>\n","protected":false},"featured_media":2570,"template":"","meta":[],"product_brand":[],"product_cat":[198,193,194,195,196],"product_tag":[],"class_list":{"0":"post-2569","1":"product","2":"type-product","3":"status-publish","4":"has-post-thumbnail","6":"product_cat-sasija-suzuki","7":"product_cat-sasija-beta","8":"product_cat-sasija-honda","9":"product_cat-sasija-yamaha","10":"product_cat-sasija-kawasaki","12":"first","13":"instock","14":"taxable","15":"shipping-taxable","16":"purchasable","17":"product-type-simple"},"_links":{"self":[{"href":"https:\/\/motoshopextreme.ba\/index.php?rest_route=\/wp\/v2\/product\/2569","targetHints":{"allow":["GET"]}}],"collection":[{"href":"https:\/\/motoshopextreme.ba\/index.php?rest_route=\/wp\/v2\/product"}],"about":[{"href":"https:\/\/motoshopextreme.ba\/index.php?rest_route=\/wp\/v2\/types\/product"}],"wp:featuredmedia":[{"embeddable":true,"href":"https:\/\/motoshopextreme.ba\/index.php?rest_route=\/wp\/v2\/media\/2570"}],"wp:attachment":[{"href":"https:\/\/motoshopextreme.ba\/index.php?rest_route=%2Fwp%2Fv2%2Fmedia&parent=2569"}],"wp:term":[{"taxonomy":"product_brand","embeddable":true,"href":"https:\/\/motoshopextreme.ba\/index.php?rest_route=%2Fwp%2Fv2%2Fproduct_brand&post=2569"},{"taxonomy":"product_cat","embeddable":true,"href":"https:\/\/motoshopextreme.ba\/index.php?rest_route=%2Fwp%2Fv2%2Fproduct_cat&post=2569"},{"taxonomy":"product_tag","embeddable":true,"href":"https:\/\/motoshopextreme.ba\/index.php?rest_route=%2Fwp%2Fv2%2Fproduct_tag&post=2569"}],"curies":[{"name":"wp","href":"https:\/\/api.w.org\/{rel}","templated":true}]}}