{"id":2574,"date":"2023-12-23T11:36:52","date_gmt":"2023-12-23T11:36:52","guid":{"rendered":"https:\/\/motoshopextreme.ba\/?post_type=product&#038;p=2574"},"modified":"2023-12-23T11:47:26","modified_gmt":"2023-12-23T11:47:26","slug":"prednji-lancanik-yamaha-kawasaki","status":"publish","type":"product","link":"https:\/\/motoshopextreme.ba\/?product=prednji-lancanik-yamaha-kawasaki","title":{"rendered":"Prednji Lan\u010danik &#8211; Yamaha Kawasaki"},"content":{"rendered":"","protected":false},"excerpt":{"rendered":"<p>Prona\u0111ite odgovaraju\u0107i lan\u010danik za svoj motocikl \ud83c\udfcd\ufe0f. Tu smo da vam pomognemo odabrati najbolju opciju za va\u0161e potrebe!<\/p>\n","protected":false},"featured_media":2575,"template":"","meta":[],"product_brand":[],"product_cat":[195,196],"product_tag":[],"class_list":{"0":"post-2574","1":"product","2":"type-product","3":"status-publish","4":"has-post-thumbnail","6":"product_cat-sasija-yamaha","7":"product_cat-sasija-kawasaki","9":"first","10":"instock","11":"taxable","12":"shipping-taxable","13":"purchasable","14":"product-type-simple"},"_links":{"self":[{"href":"https:\/\/motoshopextreme.ba\/index.php?rest_route=\/wp\/v2\/product\/2574","targetHints":{"allow":["GET"]}}],"collection":[{"href":"https:\/\/motoshopextreme.ba\/index.php?rest_route=\/wp\/v2\/product"}],"about":[{"href":"https:\/\/motoshopextreme.ba\/index.php?rest_route=\/wp\/v2\/types\/product"}],"wp:featuredmedia":[{"embeddable":true,"href":"https:\/\/motoshopextreme.ba\/index.php?rest_route=\/wp\/v2\/media\/2575"}],"wp:attachment":[{"href":"https:\/\/motoshopextreme.ba\/index.php?rest_route=%2Fwp%2Fv2%2Fmedia&parent=2574"}],"wp:term":[{"taxonomy":"product_brand","embeddable":true,"href":"https:\/\/motoshopextreme.ba\/index.php?rest_route=%2Fwp%2Fv2%2Fproduct_brand&post=2574"},{"taxonomy":"product_cat","embeddable":true,"href":"https:\/\/motoshopextreme.ba\/index.php?rest_route=%2Fwp%2Fv2%2Fproduct_cat&post=2574"},{"taxonomy":"product_tag","embeddable":true,"href":"https:\/\/motoshopextreme.ba\/index.php?rest_route=%2Fwp%2Fv2%2Fproduct_tag&post=2574"}],"curies":[{"name":"wp","href":"https:\/\/api.w.org\/{rel}","templated":true}]}}