{"id":2588,"date":"2023-12-23T12:56:16","date_gmt":"2023-12-23T12:56:16","guid":{"rendered":"https:\/\/motoshopextreme.ba\/?post_type=product&#038;p=2588"},"modified":"2023-12-23T13:00:29","modified_gmt":"2023-12-23T13:00:29","slug":"oxford-mjerac-pritiska-u-gumama-barometar","status":"publish","type":"product","link":"https:\/\/motoshopextreme.ba\/?product=oxford-mjerac-pritiska-u-gumama-barometar","title":{"rendered":"OXFORD Mjera\u010d Pritiska u Gumama Barometar"},"content":{"rendered":"","protected":false},"excerpt":{"rendered":"<div class=\"\" data-block=\"true\" data-editor=\"f5p2\" data-offset-key=\"bvh88-0-0\">\n<div class=\"_1mf _1mj\" data-offset-key=\"bvh88-0-0\">Novi Oxford mjera\u010d pritiska u gumama \u2013 va\u017ean dodatak za svakog motociklistu! Ta\u010dno izmjerite pritisak u gumama kako biste osigurali sigurnu vo\u017enju i optimalne performanse. \ud83c\udfcd\ufe0f\u2728 #Oxford #Mjera\u010dPritiska #SigurnaVo\u017enja&#8221;<\/div>\n<\/div>\n","protected":false},"featured_media":2589,"template":"","meta":[],"product_brand":[],"product_cat":[184],"product_tag":[],"class_list":{"0":"post-2588","1":"product","2":"type-product","3":"status-publish","4":"has-post-thumbnail","6":"product_cat-dodatci-za-motocikle","8":"first","9":"instock","10":"taxable","11":"shipping-taxable","12":"purchasable","13":"product-type-simple"},"_links":{"self":[{"href":"https:\/\/motoshopextreme.ba\/index.php?rest_route=\/wp\/v2\/product\/2588","targetHints":{"allow":["GET"]}}],"collection":[{"href":"https:\/\/motoshopextreme.ba\/index.php?rest_route=\/wp\/v2\/product"}],"about":[{"href":"https:\/\/motoshopextreme.ba\/index.php?rest_route=\/wp\/v2\/types\/product"}],"wp:featuredmedia":[{"embeddable":true,"href":"https:\/\/motoshopextreme.ba\/index.php?rest_route=\/wp\/v2\/media\/2589"}],"wp:attachment":[{"href":"https:\/\/motoshopextreme.ba\/index.php?rest_route=%2Fwp%2Fv2%2Fmedia&parent=2588"}],"wp:term":[{"taxonomy":"product_brand","embeddable":true,"href":"https:\/\/motoshopextreme.ba\/index.php?rest_route=%2Fwp%2Fv2%2Fproduct_brand&post=2588"},{"taxonomy":"product_cat","embeddable":true,"href":"https:\/\/motoshopextreme.ba\/index.php?rest_route=%2Fwp%2Fv2%2Fproduct_cat&post=2588"},{"taxonomy":"product_tag","embeddable":true,"href":"https:\/\/motoshopextreme.ba\/index.php?rest_route=%2Fwp%2Fv2%2Fproduct_tag&post=2588"}],"curies":[{"name":"wp","href":"https:\/\/api.w.org\/{rel}","templated":true}]}}