{"id":2592,"date":"2023-12-23T13:10:35","date_gmt":"2023-12-23T13:10:35","guid":{"rendered":"https:\/\/motoshopextreme.ba\/?post_type=product&#038;p=2592"},"modified":"2023-12-23T13:14:12","modified_gmt":"2023-12-23T13:14:12","slug":"oxford-bar-ends-3-tegovi-cepovi-za-volan","status":"publish","type":"product","link":"https:\/\/motoshopextreme.ba\/?product=oxford-bar-ends-3-tegovi-cepovi-za-volan","title":{"rendered":"OXFORD BAR ENDS 3 &#8211; Tegovi \u010cepovi za Volan"},"content":{"rendered":"","protected":false},"excerpt":{"rendered":"<div class=\"\" data-block=\"true\" data-editor=\"f5p2\" data-offset-key=\"bvh88-0-0\">\n<div class=\"_1mf _1mj\" data-offset-key=\"bvh88-0-0\">Novi Oxford BarEnds 3 &#8211; lagani aluminijski bar endovi za standardne 22-milimetarske upravlja\u010de. Napravljeni od CNC-aluminija. Pobolj\u0161ajte stabilnost i estetiku svojih upravlja\u010da uz Oxford BarEnds 3.<\/div>\n<\/div>\n","protected":false},"featured_media":2593,"template":"","meta":[],"product_brand":[],"product_cat":[184],"product_tag":[],"class_list":{"0":"post-2592","1":"product","2":"type-product","3":"status-publish","4":"has-post-thumbnail","6":"product_cat-dodatci-za-motocikle","8":"first","9":"instock","10":"taxable","11":"shipping-taxable","12":"purchasable","13":"product-type-simple"},"_links":{"self":[{"href":"https:\/\/motoshopextreme.ba\/index.php?rest_route=\/wp\/v2\/product\/2592","targetHints":{"allow":["GET"]}}],"collection":[{"href":"https:\/\/motoshopextreme.ba\/index.php?rest_route=\/wp\/v2\/product"}],"about":[{"href":"https:\/\/motoshopextreme.ba\/index.php?rest_route=\/wp\/v2\/types\/product"}],"wp:featuredmedia":[{"embeddable":true,"href":"https:\/\/motoshopextreme.ba\/index.php?rest_route=\/wp\/v2\/media\/2593"}],"wp:attachment":[{"href":"https:\/\/motoshopextreme.ba\/index.php?rest_route=%2Fwp%2Fv2%2Fmedia&parent=2592"}],"wp:term":[{"taxonomy":"product_brand","embeddable":true,"href":"https:\/\/motoshopextreme.ba\/index.php?rest_route=%2Fwp%2Fv2%2Fproduct_brand&post=2592"},{"taxonomy":"product_cat","embeddable":true,"href":"https:\/\/motoshopextreme.ba\/index.php?rest_route=%2Fwp%2Fv2%2Fproduct_cat&post=2592"},{"taxonomy":"product_tag","embeddable":true,"href":"https:\/\/motoshopextreme.ba\/index.php?rest_route=%2Fwp%2Fv2%2Fproduct_tag&post=2592"}],"curies":[{"name":"wp","href":"https:\/\/api.w.org\/{rel}","templated":true}]}}