{"id":2594,"date":"2023-12-23T13:14:59","date_gmt":"2023-12-23T13:14:59","guid":{"rendered":"https:\/\/motoshopextreme.ba\/?post_type=product&#038;p=2594"},"modified":"2023-12-23T13:22:45","modified_gmt":"2023-12-23T13:22:45","slug":"oxford-bobbins-nosaci-za-stender","status":"publish","type":"product","link":"https:\/\/motoshopextreme.ba\/?product=oxford-bobbins-nosaci-za-stender","title":{"rendered":"OXFORD BOBBINS &#8211; Nosa\u010di za \u0161tender"},"content":{"rendered":"","protected":false},"excerpt":{"rendered":"<div class=\"\" data-block=\"true\" data-editor=\"f5p2\" data-offset-key=\"bvh88-0-0\">\n<div class=\"_1mf _1mj\" data-offset-key=\"bvh88-0-0\">\ud83d\udc4dOxford Bobbins &#8211; Olak\u0161avaju postavljanje \u0161tendera. Ve\u0107ina motocikala imaju rupe na zadnjim vilicama za postavljanje bobina. Dostupni u veli\u010dinama M6, M8, M10 i M12.<\/div>\n<\/div>\n","protected":false},"featured_media":2595,"template":"","meta":[],"product_brand":[],"product_cat":[184],"product_tag":[],"class_list":{"0":"post-2594","1":"product","2":"type-product","3":"status-publish","4":"has-post-thumbnail","6":"product_cat-dodatci-za-motocikle","8":"first","9":"instock","10":"taxable","11":"shipping-taxable","12":"purchasable","13":"product-type-simple"},"_links":{"self":[{"href":"https:\/\/motoshopextreme.ba\/index.php?rest_route=\/wp\/v2\/product\/2594","targetHints":{"allow":["GET"]}}],"collection":[{"href":"https:\/\/motoshopextreme.ba\/index.php?rest_route=\/wp\/v2\/product"}],"about":[{"href":"https:\/\/motoshopextreme.ba\/index.php?rest_route=\/wp\/v2\/types\/product"}],"wp:featuredmedia":[{"embeddable":true,"href":"https:\/\/motoshopextreme.ba\/index.php?rest_route=\/wp\/v2\/media\/2595"}],"wp:attachment":[{"href":"https:\/\/motoshopextreme.ba\/index.php?rest_route=%2Fwp%2Fv2%2Fmedia&parent=2594"}],"wp:term":[{"taxonomy":"product_brand","embeddable":true,"href":"https:\/\/motoshopextreme.ba\/index.php?rest_route=%2Fwp%2Fv2%2Fproduct_brand&post=2594"},{"taxonomy":"product_cat","embeddable":true,"href":"https:\/\/motoshopextreme.ba\/index.php?rest_route=%2Fwp%2Fv2%2Fproduct_cat&post=2594"},{"taxonomy":"product_tag","embeddable":true,"href":"https:\/\/motoshopextreme.ba\/index.php?rest_route=%2Fwp%2Fv2%2Fproduct_tag&post=2594"}],"curies":[{"name":"wp","href":"https:\/\/api.w.org\/{rel}","templated":true}]}}