{"id":2596,"date":"2023-12-23T13:23:40","date_gmt":"2023-12-23T13:23:40","guid":{"rendered":"https:\/\/motoshopextreme.ba\/?post_type=product&#038;p=2596"},"modified":"2023-12-23T17:00:47","modified_gmt":"2023-12-23T17:00:47","slug":"motul-perfect-leather-m3","status":"publish","type":"product","link":"https:\/\/motoshopextreme.ba\/?product=motul-perfect-leather-m3","title":{"rendered":"MOTUL PERFECT LEATHER M3"},"content":{"rendered":"","protected":false},"excerpt":{"rendered":"<p>\ud83d\udd17 Perfect Leather M3 je krema za \u010di\u0161\u0107enje i njegu koja sadr\u017ei sapun od maslinovog ulja, glicerin i terpentin. \u010cisti, hrani i osvje\u017eava sve vrste ko\u017ee prisutne na motociklima ili opremi za motocikliste. Pru\u017ea za\u0161titu od vanjskih agresija poput trenja i promjene boje te stvara vodootporni\/anti-kiseli efekt<\/p>\n","protected":false},"featured_media":2656,"template":"","meta":[],"product_brand":[],"product_cat":[151],"product_tag":[],"class_list":{"0":"post-2596","1":"product","2":"type-product","3":"status-publish","4":"has-post-thumbnail","6":"product_cat-ulja-i-maziva","8":"first","9":"instock","10":"taxable","11":"shipping-taxable","12":"purchasable","13":"product-type-simple"},"_links":{"self":[{"href":"https:\/\/motoshopextreme.ba\/index.php?rest_route=\/wp\/v2\/product\/2596","targetHints":{"allow":["GET"]}}],"collection":[{"href":"https:\/\/motoshopextreme.ba\/index.php?rest_route=\/wp\/v2\/product"}],"about":[{"href":"https:\/\/motoshopextreme.ba\/index.php?rest_route=\/wp\/v2\/types\/product"}],"wp:featuredmedia":[{"embeddable":true,"href":"https:\/\/motoshopextreme.ba\/index.php?rest_route=\/wp\/v2\/media\/2656"}],"wp:attachment":[{"href":"https:\/\/motoshopextreme.ba\/index.php?rest_route=%2Fwp%2Fv2%2Fmedia&parent=2596"}],"wp:term":[{"taxonomy":"product_brand","embeddable":true,"href":"https:\/\/motoshopextreme.ba\/index.php?rest_route=%2Fwp%2Fv2%2Fproduct_brand&post=2596"},{"taxonomy":"product_cat","embeddable":true,"href":"https:\/\/motoshopextreme.ba\/index.php?rest_route=%2Fwp%2Fv2%2Fproduct_cat&post=2596"},{"taxonomy":"product_tag","embeddable":true,"href":"https:\/\/motoshopextreme.ba\/index.php?rest_route=%2Fwp%2Fv2%2Fproduct_tag&post=2596"}],"curies":[{"name":"wp","href":"https:\/\/api.w.org\/{rel}","templated":true}]}}