{"id":2600,"date":"2023-12-23T13:43:55","date_gmt":"2023-12-23T13:43:55","guid":{"rendered":"https:\/\/motoshopextreme.ba\/?post_type=product&#038;p=2600"},"modified":"2024-11-16T20:29:22","modified_gmt":"2024-11-16T20:29:22","slug":"smk-allterra-smiley-kaciga-off-road","status":"publish","type":"product","link":"https:\/\/motoshopextreme.ba\/?product=smk-allterra-smiley-kaciga-off-road","title":{"rendered":"SMK ALLTERRA SMILEY Kaciga &#8211; OFF ROAD"},"content":{"rendered":"","protected":false},"excerpt":{"rendered":"<p>SMK Allterra Smiley kaciga je namijenjena za off-road vo\u017enju. Ova kaciga kombinira sigurnost, udobnost i stil, pru\u017eaju\u0107i voza\u010dima izvrsnu za\u0161titu i lako\u0107u tijekom vo\u017enje u razli\u010ditim terenima. Sa svojom izdr\u017eljivo\u0161\u0107u i ergonomskim dizajnom, ovo je idealna opcija za ljubitelje off-road avantura.<\/p>\n","protected":false},"featured_media":2605,"template":"","meta":[],"product_brand":[],"product_cat":[154],"product_tag":[],"class_list":{"0":"post-2600","1":"product","2":"type-product","3":"status-publish","4":"has-post-thumbnail","6":"product_cat-off-road-kacige","8":"first","9":"instock","10":"taxable","11":"shipping-taxable","12":"purchasable","13":"product-type-variable"},"_links":{"self":[{"href":"https:\/\/motoshopextreme.ba\/index.php?rest_route=\/wp\/v2\/product\/2600","targetHints":{"allow":["GET"]}}],"collection":[{"href":"https:\/\/motoshopextreme.ba\/index.php?rest_route=\/wp\/v2\/product"}],"about":[{"href":"https:\/\/motoshopextreme.ba\/index.php?rest_route=\/wp\/v2\/types\/product"}],"wp:featuredmedia":[{"embeddable":true,"href":"https:\/\/motoshopextreme.ba\/index.php?rest_route=\/wp\/v2\/media\/2605"}],"wp:attachment":[{"href":"https:\/\/motoshopextreme.ba\/index.php?rest_route=%2Fwp%2Fv2%2Fmedia&parent=2600"}],"wp:term":[{"taxonomy":"product_brand","embeddable":true,"href":"https:\/\/motoshopextreme.ba\/index.php?rest_route=%2Fwp%2Fv2%2Fproduct_brand&post=2600"},{"taxonomy":"product_cat","embeddable":true,"href":"https:\/\/motoshopextreme.ba\/index.php?rest_route=%2Fwp%2Fv2%2Fproduct_cat&post=2600"},{"taxonomy":"product_tag","embeddable":true,"href":"https:\/\/motoshopextreme.ba\/index.php?rest_route=%2Fwp%2Fv2%2Fproduct_tag&post=2600"}],"curies":[{"name":"wp","href":"https:\/\/api.w.org\/{rel}","templated":true}]}}