{"id":2607,"date":"2023-12-23T13:50:26","date_gmt":"2023-12-23T13:50:26","guid":{"rendered":"https:\/\/motoshopextreme.ba\/?post_type=product&#038;p=2607"},"modified":"2023-12-23T13:51:19","modified_gmt":"2023-12-23T13:51:19","slug":"prednji-lancanik-13z-ktm-beta-husqvanra-husaberg","status":"publish","type":"product","link":"https:\/\/motoshopextreme.ba\/?product=prednji-lancanik-13z-ktm-beta-husqvanra-husaberg","title":{"rendered":"Prednji Lan\u010danik 13z &#8211; KTM BETA HUSQVANRA HUSABERG"},"content":{"rendered":"","protected":false},"excerpt":{"rendered":"<p>Prona\u0111ite odgovaraju\u0107i lan\u010danik za svoj motocikl \ud83c\udfcd\ufe0f. Tu smo da vam pomognemo odabrati najbolju opciju za va\u0161e potrebe!<\/p>\n","protected":false},"featured_media":2575,"template":"","meta":[],"product_brand":[],"product_cat":[178,192,193],"product_tag":[],"class_list":{"0":"post-2607","1":"product","2":"type-product","3":"status-publish","4":"has-post-thumbnail","6":"product_cat-sasija","7":"product_cat-sasija-husqvarna","8":"product_cat-sasija-beta","10":"first","11":"instock","12":"taxable","13":"shipping-taxable","14":"purchasable","15":"product-type-simple"},"_links":{"self":[{"href":"https:\/\/motoshopextreme.ba\/index.php?rest_route=\/wp\/v2\/product\/2607","targetHints":{"allow":["GET"]}}],"collection":[{"href":"https:\/\/motoshopextreme.ba\/index.php?rest_route=\/wp\/v2\/product"}],"about":[{"href":"https:\/\/motoshopextreme.ba\/index.php?rest_route=\/wp\/v2\/types\/product"}],"wp:featuredmedia":[{"embeddable":true,"href":"https:\/\/motoshopextreme.ba\/index.php?rest_route=\/wp\/v2\/media\/2575"}],"wp:attachment":[{"href":"https:\/\/motoshopextreme.ba\/index.php?rest_route=%2Fwp%2Fv2%2Fmedia&parent=2607"}],"wp:term":[{"taxonomy":"product_brand","embeddable":true,"href":"https:\/\/motoshopextreme.ba\/index.php?rest_route=%2Fwp%2Fv2%2Fproduct_brand&post=2607"},{"taxonomy":"product_cat","embeddable":true,"href":"https:\/\/motoshopextreme.ba\/index.php?rest_route=%2Fwp%2Fv2%2Fproduct_cat&post=2607"},{"taxonomy":"product_tag","embeddable":true,"href":"https:\/\/motoshopextreme.ba\/index.php?rest_route=%2Fwp%2Fv2%2Fproduct_tag&post=2607"}],"curies":[{"name":"wp","href":"https:\/\/api.w.org\/{rel}","templated":true}]}}