{"id":2609,"date":"2023-12-23T14:05:32","date_gmt":"2023-12-23T14:05:32","guid":{"rendered":"https:\/\/motoshopextreme.ba\/?post_type=product&#038;p=2609"},"modified":"2023-12-23T14:09:29","modified_gmt":"2023-12-23T14:09:29","slug":"ktm-exc-set-plastika-za-2020","status":"publish","type":"product","link":"https:\/\/motoshopextreme.ba\/?product=ktm-exc-set-plastika-za-2020","title":{"rendered":"Set Plastika za KTM 2020+"},"content":{"rendered":"","protected":false},"excerpt":{"rendered":"<p>Imamo sve \u0161to vam treba! Izdvajamo KTM setove plastike za modele od 2020. Po cijeni od samo 256KM! Osvje\u017eite izgled i funkcionalnost svog motocikla s na\u0161im kompletnim setom za KTM. Kontaktirajte nas za vi\u0161e detalja i nabavite svoj set ve\u0107 danas!<\/p>\n","protected":false},"featured_media":2610,"template":"","meta":[],"product_brand":[],"product_cat":[178],"product_tag":[],"class_list":{"0":"post-2609","1":"product","2":"type-product","3":"status-publish","4":"has-post-thumbnail","6":"product_cat-sasija","8":"first","9":"instock","10":"taxable","11":"shipping-taxable","12":"purchasable","13":"product-type-simple"},"_links":{"self":[{"href":"https:\/\/motoshopextreme.ba\/index.php?rest_route=\/wp\/v2\/product\/2609","targetHints":{"allow":["GET"]}}],"collection":[{"href":"https:\/\/motoshopextreme.ba\/index.php?rest_route=\/wp\/v2\/product"}],"about":[{"href":"https:\/\/motoshopextreme.ba\/index.php?rest_route=\/wp\/v2\/types\/product"}],"wp:featuredmedia":[{"embeddable":true,"href":"https:\/\/motoshopextreme.ba\/index.php?rest_route=\/wp\/v2\/media\/2610"}],"wp:attachment":[{"href":"https:\/\/motoshopextreme.ba\/index.php?rest_route=%2Fwp%2Fv2%2Fmedia&parent=2609"}],"wp:term":[{"taxonomy":"product_brand","embeddable":true,"href":"https:\/\/motoshopextreme.ba\/index.php?rest_route=%2Fwp%2Fv2%2Fproduct_brand&post=2609"},{"taxonomy":"product_cat","embeddable":true,"href":"https:\/\/motoshopextreme.ba\/index.php?rest_route=%2Fwp%2Fv2%2Fproduct_cat&post=2609"},{"taxonomy":"product_tag","embeddable":true,"href":"https:\/\/motoshopextreme.ba\/index.php?rest_route=%2Fwp%2Fv2%2Fproduct_tag&post=2609"}],"curies":[{"name":"wp","href":"https:\/\/api.w.org\/{rel}","templated":true}]}}