{"id":2611,"date":"2023-12-23T14:19:27","date_gmt":"2023-12-23T14:19:27","guid":{"rendered":"https:\/\/motoshopextreme.ba\/?post_type=product&#038;p=2611"},"modified":"2024-11-16T11:44:07","modified_gmt":"2024-11-16T11:44:07","slug":"adrenaline-hercules-jakna","status":"publish","type":"product","link":"https:\/\/motoshopextreme.ba\/?product=adrenaline-hercules-jakna","title":{"rendered":"ADRENALINE HERCULES Jakna za Motor ATV Quad"},"content":{"rendered":"","protected":false},"excerpt":{"rendered":"<p>Tra\u017eite kvalitetnu jaknu za putovanja? Adrenaline Hercules je tu za vas! \ud83e\udde5\u2728 Izdr\u017eljiva, udobna i prilagodljiva, ova jakna je idealna za du\u017ee vo\u017enje na motoru. Prona\u0111ite svoju avanturu s Adrenaline Hercules jaknom!<\/p>\n","protected":false},"featured_media":2615,"template":"","meta":[],"product_brand":[],"product_cat":[158],"product_tag":[],"class_list":{"0":"post-2611","1":"product","2":"type-product","3":"status-publish","4":"has-post-thumbnail","6":"product_cat-cestovna","8":"first","9":"instock","10":"taxable","11":"shipping-taxable","12":"purchasable","13":"product-type-variable"},"_links":{"self":[{"href":"https:\/\/motoshopextreme.ba\/index.php?rest_route=\/wp\/v2\/product\/2611","targetHints":{"allow":["GET"]}}],"collection":[{"href":"https:\/\/motoshopextreme.ba\/index.php?rest_route=\/wp\/v2\/product"}],"about":[{"href":"https:\/\/motoshopextreme.ba\/index.php?rest_route=\/wp\/v2\/types\/product"}],"wp:featuredmedia":[{"embeddable":true,"href":"https:\/\/motoshopextreme.ba\/index.php?rest_route=\/wp\/v2\/media\/2615"}],"wp:attachment":[{"href":"https:\/\/motoshopextreme.ba\/index.php?rest_route=%2Fwp%2Fv2%2Fmedia&parent=2611"}],"wp:term":[{"taxonomy":"product_brand","embeddable":true,"href":"https:\/\/motoshopextreme.ba\/index.php?rest_route=%2Fwp%2Fv2%2Fproduct_brand&post=2611"},{"taxonomy":"product_cat","embeddable":true,"href":"https:\/\/motoshopextreme.ba\/index.php?rest_route=%2Fwp%2Fv2%2Fproduct_cat&post=2611"},{"taxonomy":"product_tag","embeddable":true,"href":"https:\/\/motoshopextreme.ba\/index.php?rest_route=%2Fwp%2Fv2%2Fproduct_tag&post=2611"}],"curies":[{"name":"wp","href":"https:\/\/api.w.org\/{rel}","templated":true}]}}