{"id":2623,"date":"2023-12-23T14:27:12","date_gmt":"2023-12-23T14:27:12","guid":{"rendered":"https:\/\/motoshopextreme.ba\/?post_type=product&#038;p=2623"},"modified":"2023-12-23T14:29:19","modified_gmt":"2023-12-23T14:29:19","slug":"adrenaline-meshtec-2-0-jakna","status":"publish","type":"product","link":"https:\/\/motoshopextreme.ba\/?product=adrenaline-meshtec-2-0-jakna","title":{"rendered":"ADRENALINE MESHTEC 2.0 JAKNA"},"content":{"rendered":"","protected":false},"excerpt":{"rendered":"<p>Nova Adrenaline Meshtec 2.0 touring jakna je savr\u0161ena za ljubitelje vo\u017enje. Prozra\u010dna, udobna i izdr\u017eljiva &#8211; savr\u0161ena za va\u0161e avanture na cesti. Prona\u0111ite svoj stil i udobnost s Adrenaline Meshtec 2.0!<\/p>\n","protected":false},"featured_media":2627,"template":"","meta":[],"product_brand":[],"product_cat":[158],"product_tag":[],"class_list":{"0":"post-2623","1":"product","2":"type-product","3":"status-publish","4":"has-post-thumbnail","6":"product_cat-cestovna","8":"first","9":"instock","10":"taxable","11":"shipping-taxable","12":"purchasable","13":"product-type-variable"},"_links":{"self":[{"href":"https:\/\/motoshopextreme.ba\/index.php?rest_route=\/wp\/v2\/product\/2623","targetHints":{"allow":["GET"]}}],"collection":[{"href":"https:\/\/motoshopextreme.ba\/index.php?rest_route=\/wp\/v2\/product"}],"about":[{"href":"https:\/\/motoshopextreme.ba\/index.php?rest_route=\/wp\/v2\/types\/product"}],"wp:featuredmedia":[{"embeddable":true,"href":"https:\/\/motoshopextreme.ba\/index.php?rest_route=\/wp\/v2\/media\/2627"}],"wp:attachment":[{"href":"https:\/\/motoshopextreme.ba\/index.php?rest_route=%2Fwp%2Fv2%2Fmedia&parent=2623"}],"wp:term":[{"taxonomy":"product_brand","embeddable":true,"href":"https:\/\/motoshopextreme.ba\/index.php?rest_route=%2Fwp%2Fv2%2Fproduct_brand&post=2623"},{"taxonomy":"product_cat","embeddable":true,"href":"https:\/\/motoshopextreme.ba\/index.php?rest_route=%2Fwp%2Fv2%2Fproduct_cat&post=2623"},{"taxonomy":"product_tag","embeddable":true,"href":"https:\/\/motoshopextreme.ba\/index.php?rest_route=%2Fwp%2Fv2%2Fproduct_tag&post=2623"}],"curies":[{"name":"wp","href":"https:\/\/api.w.org\/{rel}","templated":true}]}}