{"id":2629,"date":"2023-12-23T14:31:32","date_gmt":"2023-12-23T14:31:32","guid":{"rendered":"https:\/\/motoshopextreme.ba\/?post_type=product&#038;p=2629"},"modified":"2023-12-23T17:37:26","modified_gmt":"2023-12-23T17:37:26","slug":"adrenaline-meshtec-2-0-rukavice","status":"publish","type":"product","link":"https:\/\/motoshopextreme.ba\/?product=adrenaline-meshtec-2-0-rukavice","title":{"rendered":"ADRENALINE MESHTEC 2.0 RUKAVICE"},"content":{"rendered":"","protected":false},"excerpt":{"rendered":"<p>Adrenaline Meshtec 2.0 touring rukavice pru\u017eaju iznimnu za\u0161titu i udobnost tijekom vo\u017enje. Lagane, prozra\u010dne i izdr\u017eljive, idealne su za duge vo\u017enje i avanture. O\u010duvajte udobnost i osje\u0107aj slobode dok putujete s ovim vrhunskim rukavicama.<\/p>\n","protected":false},"featured_media":2633,"template":"","meta":[],"product_brand":[],"product_cat":[156,123],"product_tag":[],"class_list":{"0":"post-2629","1":"product","2":"type-product","3":"status-publish","4":"has-post-thumbnail","6":"product_cat-cestovne-rukavice","7":"product_cat-rukavice","9":"first","10":"instock","11":"taxable","12":"shipping-taxable","13":"purchasable","14":"product-type-variable"},"_links":{"self":[{"href":"https:\/\/motoshopextreme.ba\/index.php?rest_route=\/wp\/v2\/product\/2629","targetHints":{"allow":["GET"]}}],"collection":[{"href":"https:\/\/motoshopextreme.ba\/index.php?rest_route=\/wp\/v2\/product"}],"about":[{"href":"https:\/\/motoshopextreme.ba\/index.php?rest_route=\/wp\/v2\/types\/product"}],"wp:featuredmedia":[{"embeddable":true,"href":"https:\/\/motoshopextreme.ba\/index.php?rest_route=\/wp\/v2\/media\/2633"}],"wp:attachment":[{"href":"https:\/\/motoshopextreme.ba\/index.php?rest_route=%2Fwp%2Fv2%2Fmedia&parent=2629"}],"wp:term":[{"taxonomy":"product_brand","embeddable":true,"href":"https:\/\/motoshopextreme.ba\/index.php?rest_route=%2Fwp%2Fv2%2Fproduct_brand&post=2629"},{"taxonomy":"product_cat","embeddable":true,"href":"https:\/\/motoshopextreme.ba\/index.php?rest_route=%2Fwp%2Fv2%2Fproduct_cat&post=2629"},{"taxonomy":"product_tag","embeddable":true,"href":"https:\/\/motoshopextreme.ba\/index.php?rest_route=%2Fwp%2Fv2%2Fproduct_tag&post=2629"}],"curies":[{"name":"wp","href":"https:\/\/api.w.org\/{rel}","templated":true}]}}