{"id":2635,"date":"2023-12-23T16:09:54","date_gmt":"2023-12-23T16:09:54","guid":{"rendered":"https:\/\/motoshopextreme.ba\/?post_type=product&#038;p=2635"},"modified":"2023-12-23T17:36:56","modified_gmt":"2023-12-23T17:36:56","slug":"adrenaline-stone-body-armour","status":"publish","type":"product","link":"https:\/\/motoshopextreme.ba\/?product=adrenaline-stone-body-armour","title":{"rendered":"ADRENALINE STONE BODY ARMOUR &#8211; Kornja\u010da"},"content":{"rendered":"","protected":false},"excerpt":{"rendered":"<p>Adrenaline Stone jakna &#8211; savr\u0161ena za va\u0161e enduro avanture! Ova jakna dizajnirana je kako bi pru\u017eila ultimativnu za\u0161titu i udobnost tijekom vo\u017enje u zahtjevnim terenima. Izra\u0111ena od prozra\u010dnih materijala i opremljena integriranim protektorima, pru\u017ea sigurnost bez ograni\u010davanja va\u0161e slobode kretanja. Spremni za izazove staze? Odaberite Adrenaline Stone jaknu za vrhunsku za\u0161titu i slobodu vo\u017enje!<\/p>\n","protected":false},"featured_media":2636,"template":"","meta":[],"product_brand":[],"product_cat":[127,67],"product_tag":[],"class_list":{"0":"post-2635","1":"product","2":"type-product","3":"status-publish","4":"has-post-thumbnail","6":"product_cat-vozace","7":"product_cat-zastitna-odjeca","9":"first","10":"instock","11":"taxable","12":"shipping-taxable","13":"purchasable","14":"product-type-simple"},"_links":{"self":[{"href":"https:\/\/motoshopextreme.ba\/index.php?rest_route=\/wp\/v2\/product\/2635","targetHints":{"allow":["GET"]}}],"collection":[{"href":"https:\/\/motoshopextreme.ba\/index.php?rest_route=\/wp\/v2\/product"}],"about":[{"href":"https:\/\/motoshopextreme.ba\/index.php?rest_route=\/wp\/v2\/types\/product"}],"wp:featuredmedia":[{"embeddable":true,"href":"https:\/\/motoshopextreme.ba\/index.php?rest_route=\/wp\/v2\/media\/2636"}],"wp:attachment":[{"href":"https:\/\/motoshopextreme.ba\/index.php?rest_route=%2Fwp%2Fv2%2Fmedia&parent=2635"}],"wp:term":[{"taxonomy":"product_brand","embeddable":true,"href":"https:\/\/motoshopextreme.ba\/index.php?rest_route=%2Fwp%2Fv2%2Fproduct_brand&post=2635"},{"taxonomy":"product_cat","embeddable":true,"href":"https:\/\/motoshopextreme.ba\/index.php?rest_route=%2Fwp%2Fv2%2Fproduct_cat&post=2635"},{"taxonomy":"product_tag","embeddable":true,"href":"https:\/\/motoshopextreme.ba\/index.php?rest_route=%2Fwp%2Fv2%2Fproduct_tag&post=2635"}],"curies":[{"name":"wp","href":"https:\/\/api.w.org\/{rel}","templated":true}]}}