{"id":2638,"date":"2023-12-23T16:14:04","date_gmt":"2023-12-23T16:14:04","guid":{"rendered":"https:\/\/motoshopextreme.ba\/?post_type=product&#038;p=2638"},"modified":"2023-12-23T16:15:41","modified_gmt":"2023-12-23T16:15:41","slug":"prednji-lancanik-13z-suzuki-rm-z","status":"publish","type":"product","link":"https:\/\/motoshopextreme.ba\/?product=prednji-lancanik-13z-suzuki-rm-z","title":{"rendered":"Prednji Lan\u010danik 13z &#8211; Suzuki RM-Z"},"content":{"rendered":"<p>SUZUKI RM-Z 250 2013-2019<\/p>\n","protected":false},"excerpt":{"rendered":"<p>Prona\u0111ite odgovaraju\u0107i lan\u010danik za svoj motocikl \ud83c\udfcd\ufe0f. Tu smo da vam pomognemo odabrati najbolju opciju za va\u0161e potrebe!<\/p>\n","protected":false},"featured_media":2575,"template":"","meta":[],"product_brand":[],"product_cat":[198],"product_tag":[],"class_list":{"0":"post-2638","1":"product","2":"type-product","3":"status-publish","4":"has-post-thumbnail","6":"product_cat-sasija-suzuki","8":"first","9":"instock","10":"taxable","11":"shipping-taxable","12":"purchasable","13":"product-type-simple"},"_links":{"self":[{"href":"https:\/\/motoshopextreme.ba\/index.php?rest_route=\/wp\/v2\/product\/2638","targetHints":{"allow":["GET"]}}],"collection":[{"href":"https:\/\/motoshopextreme.ba\/index.php?rest_route=\/wp\/v2\/product"}],"about":[{"href":"https:\/\/motoshopextreme.ba\/index.php?rest_route=\/wp\/v2\/types\/product"}],"wp:featuredmedia":[{"embeddable":true,"href":"https:\/\/motoshopextreme.ba\/index.php?rest_route=\/wp\/v2\/media\/2575"}],"wp:attachment":[{"href":"https:\/\/motoshopextreme.ba\/index.php?rest_route=%2Fwp%2Fv2%2Fmedia&parent=2638"}],"wp:term":[{"taxonomy":"product_brand","embeddable":true,"href":"https:\/\/motoshopextreme.ba\/index.php?rest_route=%2Fwp%2Fv2%2Fproduct_brand&post=2638"},{"taxonomy":"product_cat","embeddable":true,"href":"https:\/\/motoshopextreme.ba\/index.php?rest_route=%2Fwp%2Fv2%2Fproduct_cat&post=2638"},{"taxonomy":"product_tag","embeddable":true,"href":"https:\/\/motoshopextreme.ba\/index.php?rest_route=%2Fwp%2Fv2%2Fproduct_tag&post=2638"}],"curies":[{"name":"wp","href":"https:\/\/api.w.org\/{rel}","templated":true}]}}