{"id":2640,"date":"2023-12-23T16:20:08","date_gmt":"2023-12-23T16:20:08","guid":{"rendered":"https:\/\/motoshopextreme.ba\/?post_type=product&#038;p=2640"},"modified":"2023-12-23T17:25:41","modified_gmt":"2023-12-23T17:25:41","slug":"adrenaline-scrambler-2-0-rukavice","status":"publish","type":"product","link":"https:\/\/motoshopextreme.ba\/?product=adrenaline-scrambler-2-0-rukavice","title":{"rendered":"ADRENALINE SCRAMBLER 2.0 RUKAVICE"},"content":{"rendered":"","protected":false},"excerpt":{"rendered":"<p>Adrenaline Scrambler 2.0 &#8211; Rukavice koje prate va\u0161u vo\u017enju! Izra\u0111ene od najkvalitetnije ko\u017ee i prilago\u0111ene za touring voza\u010de, ove rukavice pru\u017eaju izvanrednu izdr\u017eljivost i udobnost. Njihova elegantna konstrukcija i dodatna za\u0161tita pru\u017eaju sigurnost bez kompromisa na stilu. Spoj vrhunske kvalitete i udobnosti, spreman za avanturu na cesti? Odaberite Adrenaline Scrambler 2.0 rukavice za va\u0161u sljede\u0107u vo\u017enju!<\/p>\n","protected":false},"featured_media":2644,"template":"","meta":[],"product_brand":[],"product_cat":[156],"product_tag":[],"class_list":{"0":"post-2640","1":"product","2":"type-product","3":"status-publish","4":"has-post-thumbnail","6":"product_cat-cestovne-rukavice","8":"first","9":"instock","10":"taxable","11":"shipping-taxable","12":"purchasable","13":"product-type-variable"},"_links":{"self":[{"href":"https:\/\/motoshopextreme.ba\/index.php?rest_route=\/wp\/v2\/product\/2640","targetHints":{"allow":["GET"]}}],"collection":[{"href":"https:\/\/motoshopextreme.ba\/index.php?rest_route=\/wp\/v2\/product"}],"about":[{"href":"https:\/\/motoshopextreme.ba\/index.php?rest_route=\/wp\/v2\/types\/product"}],"wp:featuredmedia":[{"embeddable":true,"href":"https:\/\/motoshopextreme.ba\/index.php?rest_route=\/wp\/v2\/media\/2644"}],"wp:attachment":[{"href":"https:\/\/motoshopextreme.ba\/index.php?rest_route=%2Fwp%2Fv2%2Fmedia&parent=2640"}],"wp:term":[{"taxonomy":"product_brand","embeddable":true,"href":"https:\/\/motoshopextreme.ba\/index.php?rest_route=%2Fwp%2Fv2%2Fproduct_brand&post=2640"},{"taxonomy":"product_cat","embeddable":true,"href":"https:\/\/motoshopextreme.ba\/index.php?rest_route=%2Fwp%2Fv2%2Fproduct_cat&post=2640"},{"taxonomy":"product_tag","embeddable":true,"href":"https:\/\/motoshopextreme.ba\/index.php?rest_route=%2Fwp%2Fv2%2Fproduct_tag&post=2640"}],"curies":[{"name":"wp","href":"https:\/\/api.w.org\/{rel}","templated":true}]}}