{"id":2646,"date":"2023-12-23T16:27:56","date_gmt":"2023-12-23T16:27:56","guid":{"rendered":"https:\/\/motoshopextreme.ba\/?post_type=product&#038;p=2646"},"modified":"2023-12-23T16:31:28","modified_gmt":"2023-12-23T16:31:28","slug":"motul-7100-10w60-ulje-za-cetverotaktne-motore","status":"publish","type":"product","link":"https:\/\/motoshopextreme.ba\/?product=motul-7100-10w60-ulje-za-cetverotaktne-motore","title":{"rendered":"MOTUL 7100 10W60 &#8211; Ulje za \u010detverotaktne motore"},"content":{"rendered":"","protected":false},"excerpt":{"rendered":"<p>\ud83d\udee2\ufe0f MOTUL 7100\u00a0 &#8211; Sinteti\u010dko ulje \ud83c\udfcd\ufe0f Ovo kvalitetno sinteti\u010dko ulje je stvoreno za performanse! Sa svojom formulacijom pru\u017ea optimalnu za\u0161titu \u010detverotaktnih motora, osiguravaju\u0107i termalnu stabilnost, smanjenje naslaga i produ\u017een vijek trajanja motora. Od svakodnevnih vo\u017enji do intenzivnih uvjeta, ovo ulje \u010duva va\u0161 motor kako bi radio besprijekorno. #Motul7100 #Sinteti\u010dkoUlje #MotorPerformance<\/p>\n","protected":false},"featured_media":2647,"template":"","meta":[],"product_brand":[],"product_cat":[151],"product_tag":[],"class_list":{"0":"post-2646","1":"product","2":"type-product","3":"status-publish","4":"has-post-thumbnail","6":"product_cat-ulja-i-maziva","8":"first","9":"instock","10":"taxable","11":"shipping-taxable","12":"purchasable","13":"product-type-simple"},"_links":{"self":[{"href":"https:\/\/motoshopextreme.ba\/index.php?rest_route=\/wp\/v2\/product\/2646","targetHints":{"allow":["GET"]}}],"collection":[{"href":"https:\/\/motoshopextreme.ba\/index.php?rest_route=\/wp\/v2\/product"}],"about":[{"href":"https:\/\/motoshopextreme.ba\/index.php?rest_route=\/wp\/v2\/types\/product"}],"wp:featuredmedia":[{"embeddable":true,"href":"https:\/\/motoshopextreme.ba\/index.php?rest_route=\/wp\/v2\/media\/2647"}],"wp:attachment":[{"href":"https:\/\/motoshopextreme.ba\/index.php?rest_route=%2Fwp%2Fv2%2Fmedia&parent=2646"}],"wp:term":[{"taxonomy":"product_brand","embeddable":true,"href":"https:\/\/motoshopextreme.ba\/index.php?rest_route=%2Fwp%2Fv2%2Fproduct_brand&post=2646"},{"taxonomy":"product_cat","embeddable":true,"href":"https:\/\/motoshopextreme.ba\/index.php?rest_route=%2Fwp%2Fv2%2Fproduct_cat&post=2646"},{"taxonomy":"product_tag","embeddable":true,"href":"https:\/\/motoshopextreme.ba\/index.php?rest_route=%2Fwp%2Fv2%2Fproduct_tag&post=2646"}],"curies":[{"name":"wp","href":"https:\/\/api.w.org\/{rel}","templated":true}]}}