{"id":2657,"date":"2023-12-23T17:00:57","date_gmt":"2023-12-23T17:00:57","guid":{"rendered":"https:\/\/motoshopextreme.ba\/?post_type=product&#038;p=2657"},"modified":"2023-12-23T17:06:08","modified_gmt":"2023-12-23T17:06:08","slug":"motul-gear-comp-75w140-ulje-za-transmisiju","status":"publish","type":"product","link":"https:\/\/motoshopextreme.ba\/?product=motul-gear-comp-75w140-ulje-za-transmisiju","title":{"rendered":"MOTUL GEAR COMP 75W140 &#8211; Ulje za transmisiju"},"content":{"rendered":"","protected":false},"excerpt":{"rendered":"<p>Otkrijte Gear Comp 75W140 1L! \ud83d\udee0\ufe0f\ud83d\udca5 Ovaj 100% sinteti\u010dki trka\u0107i lubrikant temeljen na Ester-tehnologiji idealan je za sve hipoidne diferencijale s ograni\u010denim proklizavanjem, mjenja\u010de s integriranim ograni\u010denim proklizavanjem, mehani\u010dke prijenose, sinkronizirane ili nesinkronizirane mjenja\u010de, prijenosne mjenja\u010de koji rade pod udarcima, te\u0161kim optere\u0107enjima i niskim brojevima okretaja ili umjerenim optere\u0107enjima i visokim brojevima okretaja.<\/p>\n","protected":false},"featured_media":2658,"template":"","meta":[],"product_brand":[],"product_cat":[151],"product_tag":[],"class_list":{"0":"post-2657","1":"product","2":"type-product","3":"status-publish","4":"has-post-thumbnail","6":"product_cat-ulja-i-maziva","8":"first","9":"instock","10":"taxable","11":"shipping-taxable","12":"purchasable","13":"product-type-simple"},"_links":{"self":[{"href":"https:\/\/motoshopextreme.ba\/index.php?rest_route=\/wp\/v2\/product\/2657","targetHints":{"allow":["GET"]}}],"collection":[{"href":"https:\/\/motoshopextreme.ba\/index.php?rest_route=\/wp\/v2\/product"}],"about":[{"href":"https:\/\/motoshopextreme.ba\/index.php?rest_route=\/wp\/v2\/types\/product"}],"wp:featuredmedia":[{"embeddable":true,"href":"https:\/\/motoshopextreme.ba\/index.php?rest_route=\/wp\/v2\/media\/2658"}],"wp:attachment":[{"href":"https:\/\/motoshopextreme.ba\/index.php?rest_route=%2Fwp%2Fv2%2Fmedia&parent=2657"}],"wp:term":[{"taxonomy":"product_brand","embeddable":true,"href":"https:\/\/motoshopextreme.ba\/index.php?rest_route=%2Fwp%2Fv2%2Fproduct_brand&post=2657"},{"taxonomy":"product_cat","embeddable":true,"href":"https:\/\/motoshopextreme.ba\/index.php?rest_route=%2Fwp%2Fv2%2Fproduct_cat&post=2657"},{"taxonomy":"product_tag","embeddable":true,"href":"https:\/\/motoshopextreme.ba\/index.php?rest_route=%2Fwp%2Fv2%2Fproduct_tag&post=2657"}],"curies":[{"name":"wp","href":"https:\/\/api.w.org\/{rel}","templated":true}]}}