{"id":2679,"date":"2024-01-03T11:52:48","date_gmt":"2024-01-03T11:52:48","guid":{"rendered":"https:\/\/motoshopextreme.ba\/?post_type=product&#038;p=2679"},"modified":"2024-01-03T14:55:34","modified_gmt":"2024-01-03T14:55:34","slug":"muc-off-all-weather-sprej-za-lanac","status":"publish","type":"product","link":"https:\/\/motoshopextreme.ba\/?product=muc-off-all-weather-sprej-za-lanac","title":{"rendered":"MUC-OFF All-Weather &#8211; Sprej za lanac"},"content":{"rendered":"","protected":false},"excerpt":{"rendered":"<p>Muc-Off All-Weather Chain Lube predstavlja revolucionarni proizvod koji \u0107e promijeniti efikasnost i performanse lanaca na svim motociklima koji prelaze du\u017ee udaljenosti. Ovaj kerami\u010dki lan\u010dani maziv stvoren je nakon godina istra\u017eivanja i razvoja kako bi udovoljio razli\u010ditim potrebama voza\u010da.<\/p>\n","protected":false},"featured_media":2681,"template":"","meta":[],"product_brand":[],"product_cat":[151],"product_tag":[],"class_list":{"0":"post-2679","1":"product","2":"type-product","3":"status-publish","4":"has-post-thumbnail","6":"product_cat-ulja-i-maziva","8":"first","9":"instock","10":"taxable","11":"shipping-taxable","12":"purchasable","13":"product-type-simple"},"_links":{"self":[{"href":"https:\/\/motoshopextreme.ba\/index.php?rest_route=\/wp\/v2\/product\/2679","targetHints":{"allow":["GET"]}}],"collection":[{"href":"https:\/\/motoshopextreme.ba\/index.php?rest_route=\/wp\/v2\/product"}],"about":[{"href":"https:\/\/motoshopextreme.ba\/index.php?rest_route=\/wp\/v2\/types\/product"}],"wp:featuredmedia":[{"embeddable":true,"href":"https:\/\/motoshopextreme.ba\/index.php?rest_route=\/wp\/v2\/media\/2681"}],"wp:attachment":[{"href":"https:\/\/motoshopextreme.ba\/index.php?rest_route=%2Fwp%2Fv2%2Fmedia&parent=2679"}],"wp:term":[{"taxonomy":"product_brand","embeddable":true,"href":"https:\/\/motoshopextreme.ba\/index.php?rest_route=%2Fwp%2Fv2%2Fproduct_brand&post=2679"},{"taxonomy":"product_cat","embeddable":true,"href":"https:\/\/motoshopextreme.ba\/index.php?rest_route=%2Fwp%2Fv2%2Fproduct_cat&post=2679"},{"taxonomy":"product_tag","embeddable":true,"href":"https:\/\/motoshopextreme.ba\/index.php?rest_route=%2Fwp%2Fv2%2Fproduct_tag&post=2679"}],"curies":[{"name":"wp","href":"https:\/\/api.w.org\/{rel}","templated":true}]}}