{"id":2683,"date":"2024-01-03T14:55:42","date_gmt":"2024-01-03T14:55:42","guid":{"rendered":"https:\/\/motoshopextreme.ba\/?post_type=product&#038;p=2683"},"modified":"2024-01-03T15:08:08","modified_gmt":"2024-01-03T15:08:08","slug":"muc-off-nano-tech-bike-cleaner-sredstvo-za-pranje-motocikla","status":"publish","type":"product","link":"https:\/\/motoshopextreme.ba\/?product=muc-off-nano-tech-bike-cleaner-sredstvo-za-pranje-motocikla","title":{"rendered":"MUC-OFF Nano Tech Bike Cleaner &#8211; Sredstvo za Pranje Motocikla"},"content":{"rendered":"","protected":false},"excerpt":{"rendered":"<p>Stigao je novi Muc-Off Bike Cleaner! \ud83d\udca6 S na\u0161om revolucionarnom Nano Tech formulom, rje\u0161ava prljav\u0161tinu br\u017ee nego ikad! \ud83d\ude0e<\/p>\n","protected":false},"featured_media":2684,"template":"","meta":[],"product_brand":[],"product_cat":[151],"product_tag":[],"class_list":{"0":"post-2683","1":"product","2":"type-product","3":"status-publish","4":"has-post-thumbnail","6":"product_cat-ulja-i-maziva","8":"first","9":"instock","10":"taxable","11":"shipping-taxable","12":"purchasable","13":"product-type-simple"},"_links":{"self":[{"href":"https:\/\/motoshopextreme.ba\/index.php?rest_route=\/wp\/v2\/product\/2683","targetHints":{"allow":["GET"]}}],"collection":[{"href":"https:\/\/motoshopextreme.ba\/index.php?rest_route=\/wp\/v2\/product"}],"about":[{"href":"https:\/\/motoshopextreme.ba\/index.php?rest_route=\/wp\/v2\/types\/product"}],"wp:featuredmedia":[{"embeddable":true,"href":"https:\/\/motoshopextreme.ba\/index.php?rest_route=\/wp\/v2\/media\/2684"}],"wp:attachment":[{"href":"https:\/\/motoshopextreme.ba\/index.php?rest_route=%2Fwp%2Fv2%2Fmedia&parent=2683"}],"wp:term":[{"taxonomy":"product_brand","embeddable":true,"href":"https:\/\/motoshopextreme.ba\/index.php?rest_route=%2Fwp%2Fv2%2Fproduct_brand&post=2683"},{"taxonomy":"product_cat","embeddable":true,"href":"https:\/\/motoshopextreme.ba\/index.php?rest_route=%2Fwp%2Fv2%2Fproduct_cat&post=2683"},{"taxonomy":"product_tag","embeddable":true,"href":"https:\/\/motoshopextreme.ba\/index.php?rest_route=%2Fwp%2Fv2%2Fproduct_tag&post=2683"}],"curies":[{"name":"wp","href":"https:\/\/api.w.org\/{rel}","templated":true}]}}