{"id":2696,"date":"2024-01-05T12:20:08","date_gmt":"2024-01-05T12:20:08","guid":{"rendered":"https:\/\/motoshopextreme.ba\/?post_type=product&#038;p=2696"},"modified":"2024-01-05T12:23:07","modified_gmt":"2024-01-05T12:23:07","slug":"100-staklo-za-naocale-accuri-strata-racecraft-1","status":"publish","type":"product","link":"https:\/\/motoshopextreme.ba\/?product=100-staklo-za-naocale-accuri-strata-racecraft-1","title":{"rendered":"100% Staklo za Nao\u010dale &#8211; Accuri\/Strata\/Racecraft 1"},"content":{"rendered":"","protected":false},"excerpt":{"rendered":"<p>Tra\u017eite nao\u010dale za enduro vo\u017enju? Imamo odli\u010dnu ponudu 100% nao\u010dala u raznim modelima i bojama! \ud83c\udfcd\ud83d\udca8 Odabir je na vama, prona\u0111ite nao\u010dale za svoje avanture.<\/p>\n","protected":false},"featured_media":2698,"template":"","meta":[],"product_brand":[],"product_cat":[183],"product_tag":[],"class_list":{"0":"post-2696","1":"product","2":"type-product","3":"status-publish","4":"has-post-thumbnail","6":"product_cat-dodatci-vozace","8":"first","9":"instock","10":"taxable","11":"shipping-taxable","12":"purchasable","13":"product-type-simple"},"_links":{"self":[{"href":"https:\/\/motoshopextreme.ba\/index.php?rest_route=\/wp\/v2\/product\/2696","targetHints":{"allow":["GET"]}}],"collection":[{"href":"https:\/\/motoshopextreme.ba\/index.php?rest_route=\/wp\/v2\/product"}],"about":[{"href":"https:\/\/motoshopextreme.ba\/index.php?rest_route=\/wp\/v2\/types\/product"}],"wp:featuredmedia":[{"embeddable":true,"href":"https:\/\/motoshopextreme.ba\/index.php?rest_route=\/wp\/v2\/media\/2698"}],"wp:attachment":[{"href":"https:\/\/motoshopextreme.ba\/index.php?rest_route=%2Fwp%2Fv2%2Fmedia&parent=2696"}],"wp:term":[{"taxonomy":"product_brand","embeddable":true,"href":"https:\/\/motoshopextreme.ba\/index.php?rest_route=%2Fwp%2Fv2%2Fproduct_brand&post=2696"},{"taxonomy":"product_cat","embeddable":true,"href":"https:\/\/motoshopextreme.ba\/index.php?rest_route=%2Fwp%2Fv2%2Fproduct_cat&post=2696"},{"taxonomy":"product_tag","embeddable":true,"href":"https:\/\/motoshopextreme.ba\/index.php?rest_route=%2Fwp%2Fv2%2Fproduct_tag&post=2696"}],"curies":[{"name":"wp","href":"https:\/\/api.w.org\/{rel}","templated":true}]}}