{"id":2703,"date":"2024-01-08T14:03:50","date_gmt":"2024-01-08T14:03:50","guid":{"rendered":"https:\/\/motoshopextreme.ba\/?post_type=product&#038;p=2703"},"modified":"2024-01-08T14:08:24","modified_gmt":"2024-01-08T14:08:24","slug":"galfer-ktm-prednji-disk","status":"publish","type":"product","link":"https:\/\/motoshopextreme.ba\/?product=galfer-ktm-prednji-disk","title":{"rendered":"GALFER KTM Prednji Disk"},"content":{"rendered":"","protected":false},"excerpt":{"rendered":"<p>Ko\u010dioni diskovi su neophodni za sigurnost i performanse va\u0161eg motocikla. Bez obzira vozite li na stazi ili u zahtjevnim terenima off-road vo\u017enje, na\u0161i ko\u010dioni diskovi \u0107e osigurati izuzetne performanse i pouzdanost.<\/p>\n","protected":false},"featured_media":2704,"template":"","meta":[],"product_brand":[],"product_cat":[178,192],"product_tag":[],"class_list":{"0":"post-2703","1":"product","2":"type-product","3":"status-publish","4":"has-post-thumbnail","6":"product_cat-sasija","7":"product_cat-sasija-husqvarna","9":"first","10":"instock","11":"taxable","12":"shipping-taxable","13":"purchasable","14":"product-type-simple"},"_links":{"self":[{"href":"https:\/\/motoshopextreme.ba\/index.php?rest_route=\/wp\/v2\/product\/2703","targetHints":{"allow":["GET"]}}],"collection":[{"href":"https:\/\/motoshopextreme.ba\/index.php?rest_route=\/wp\/v2\/product"}],"about":[{"href":"https:\/\/motoshopextreme.ba\/index.php?rest_route=\/wp\/v2\/types\/product"}],"wp:featuredmedia":[{"embeddable":true,"href":"https:\/\/motoshopextreme.ba\/index.php?rest_route=\/wp\/v2\/media\/2704"}],"wp:attachment":[{"href":"https:\/\/motoshopextreme.ba\/index.php?rest_route=%2Fwp%2Fv2%2Fmedia&parent=2703"}],"wp:term":[{"taxonomy":"product_brand","embeddable":true,"href":"https:\/\/motoshopextreme.ba\/index.php?rest_route=%2Fwp%2Fv2%2Fproduct_brand&post=2703"},{"taxonomy":"product_cat","embeddable":true,"href":"https:\/\/motoshopextreme.ba\/index.php?rest_route=%2Fwp%2Fv2%2Fproduct_cat&post=2703"},{"taxonomy":"product_tag","embeddable":true,"href":"https:\/\/motoshopextreme.ba\/index.php?rest_route=%2Fwp%2Fv2%2Fproduct_tag&post=2703"}],"curies":[{"name":"wp","href":"https:\/\/api.w.org\/{rel}","templated":true}]}}