{"id":2719,"date":"2024-01-08T14:29:31","date_gmt":"2024-01-08T14:29:31","guid":{"rendered":"https:\/\/motoshopextreme.ba\/?post_type=product&#038;p=2719"},"modified":"2024-01-08T14:31:44","modified_gmt":"2024-01-08T14:31:44","slug":"100-itrack-rukavice","status":"publish","type":"product","link":"https:\/\/motoshopextreme.ba\/?product=100-itrack-rukavice","title":{"rendered":"100% ITRACK RUKAVICE"},"content":{"rendered":"","protected":false},"excerpt":{"rendered":"<p>Rukavice su neophodne u off-road vo\u017enji. \u0160tite va\u0161e ruke od blata, pra\u0161ine, grana i kamenja, pru\u017eaju\u0107i vam udobnost i za\u0161titu dok osvajate teren. \ud83e\udde4\ud83c\udfde\ufe0f Za\u0161titite svoje ruke i u\u017eivajte u sigurnoj vo\u017enji uz na\u0161e kvalitetne rukavice!<\/p>\n","protected":false},"featured_media":2721,"template":"","meta":[],"product_brand":[],"product_cat":[155],"product_tag":[],"class_list":{"0":"post-2719","1":"product","2":"type-product","3":"status-publish","4":"has-post-thumbnail","6":"product_cat-off-road-rukavice","8":"first","9":"instock","10":"taxable","11":"shipping-taxable","12":"purchasable","13":"product-type-variable"},"_links":{"self":[{"href":"https:\/\/motoshopextreme.ba\/index.php?rest_route=\/wp\/v2\/product\/2719","targetHints":{"allow":["GET"]}}],"collection":[{"href":"https:\/\/motoshopextreme.ba\/index.php?rest_route=\/wp\/v2\/product"}],"about":[{"href":"https:\/\/motoshopextreme.ba\/index.php?rest_route=\/wp\/v2\/types\/product"}],"wp:featuredmedia":[{"embeddable":true,"href":"https:\/\/motoshopextreme.ba\/index.php?rest_route=\/wp\/v2\/media\/2721"}],"wp:attachment":[{"href":"https:\/\/motoshopextreme.ba\/index.php?rest_route=%2Fwp%2Fv2%2Fmedia&parent=2719"}],"wp:term":[{"taxonomy":"product_brand","embeddable":true,"href":"https:\/\/motoshopextreme.ba\/index.php?rest_route=%2Fwp%2Fv2%2Fproduct_brand&post=2719"},{"taxonomy":"product_cat","embeddable":true,"href":"https:\/\/motoshopextreme.ba\/index.php?rest_route=%2Fwp%2Fv2%2Fproduct_cat&post=2719"},{"taxonomy":"product_tag","embeddable":true,"href":"https:\/\/motoshopextreme.ba\/index.php?rest_route=%2Fwp%2Fv2%2Fproduct_tag&post=2719"}],"curies":[{"name":"wp","href":"https:\/\/api.w.org\/{rel}","templated":true}]}}