{"id":2729,"date":"2024-01-08T14:54:53","date_gmt":"2024-01-08T14:54:53","guid":{"rendered":"https:\/\/motoshopextreme.ba\/?post_type=product&#038;p=2729"},"modified":"2024-01-08T14:56:47","modified_gmt":"2024-01-08T14:56:47","slug":"spuzva-punjenje-za-auspuh","status":"publish","type":"product","link":"https:\/\/motoshopextreme.ba\/?product=spuzva-punjenje-za-auspuh","title":{"rendered":"SPU\u017dVA PUNJENJE ZA AUSPUH"},"content":{"rendered":"","protected":false},"excerpt":{"rendered":"<p>Primijetili ste promjenu zvuka na va\u0161em motociklu? To mo\u017ee zna\u010diti da vam treba nova spu\u017eva za auspuh ! Odr\u017eite zvuk svog motora u vrhunskom stanju sa na\u0161im punjenjem za auspuh.<\/p>\n","protected":false},"featured_media":2730,"template":"","meta":[],"product_brand":[],"product_cat":[195,178,196,192,197,193,198,194],"product_tag":[],"class_list":{"0":"post-2729","1":"product","2":"type-product","3":"status-publish","4":"has-post-thumbnail","6":"product_cat-sasija-yamaha","7":"product_cat-sasija","8":"product_cat-sasija-kawasaki","9":"product_cat-sasija-husqvarna","10":"product_cat-sasija-sherco","11":"product_cat-sasija-beta","12":"product_cat-sasija-suzuki","13":"product_cat-sasija-honda","15":"first","16":"instock","17":"taxable","18":"shipping-taxable","19":"purchasable","20":"product-type-simple"},"_links":{"self":[{"href":"https:\/\/motoshopextreme.ba\/index.php?rest_route=\/wp\/v2\/product\/2729","targetHints":{"allow":["GET"]}}],"collection":[{"href":"https:\/\/motoshopextreme.ba\/index.php?rest_route=\/wp\/v2\/product"}],"about":[{"href":"https:\/\/motoshopextreme.ba\/index.php?rest_route=\/wp\/v2\/types\/product"}],"wp:featuredmedia":[{"embeddable":true,"href":"https:\/\/motoshopextreme.ba\/index.php?rest_route=\/wp\/v2\/media\/2730"}],"wp:attachment":[{"href":"https:\/\/motoshopextreme.ba\/index.php?rest_route=%2Fwp%2Fv2%2Fmedia&parent=2729"}],"wp:term":[{"taxonomy":"product_brand","embeddable":true,"href":"https:\/\/motoshopextreme.ba\/index.php?rest_route=%2Fwp%2Fv2%2Fproduct_brand&post=2729"},{"taxonomy":"product_cat","embeddable":true,"href":"https:\/\/motoshopextreme.ba\/index.php?rest_route=%2Fwp%2Fv2%2Fproduct_cat&post=2729"},{"taxonomy":"product_tag","embeddable":true,"href":"https:\/\/motoshopextreme.ba\/index.php?rest_route=%2Fwp%2Fv2%2Fproduct_tag&post=2729"}],"curies":[{"name":"wp","href":"https:\/\/api.w.org\/{rel}","templated":true}]}}