{"id":2735,"date":"2024-01-08T15:14:03","date_gmt":"2024-01-08T15:14:03","guid":{"rendered":"https:\/\/motoshopextreme.ba\/?post_type=product&#038;p=2735"},"modified":"2024-01-08T15:16:22","modified_gmt":"2024-01-08T15:16:22","slug":"ngk-br8es-svjecica","status":"publish","type":"product","link":"https:\/\/motoshopextreme.ba\/?product=ngk-br8es-svjecica","title":{"rendered":"NGK BR8ES Svje\u0107ica"},"content":{"rendered":"","protected":false},"excerpt":{"rendered":"<p>Izvrsna svje\u0107ica za tvoj motocikl! Pru\u017ea sna\u017eno i pouzdano paljenje, \u010dine\u0107i svaku vo\u017enju zabavnom. \ud83d\udca5\ud83d\udd25<\/p>\n","protected":false},"featured_media":2736,"template":"","meta":[],"product_brand":[],"product_cat":[190,177,191,186,199,187,200,189],"product_tag":[],"class_list":{"0":"post-2735","1":"product","2":"type-product","3":"status-publish","4":"has-post-thumbnail","6":"product_cat-masina-honda","7":"product_cat-masina","8":"product_cat-masina-beta","9":"product_cat-masina-husqvarna","10":"product_cat-masina-sherco","11":"product_cat-masina-suzuki","12":"product_cat-masina-yamaha","13":"product_cat-masina-kawasaki","15":"first","16":"instock","17":"taxable","18":"shipping-taxable","19":"purchasable","20":"product-type-simple"},"_links":{"self":[{"href":"https:\/\/motoshopextreme.ba\/index.php?rest_route=\/wp\/v2\/product\/2735","targetHints":{"allow":["GET"]}}],"collection":[{"href":"https:\/\/motoshopextreme.ba\/index.php?rest_route=\/wp\/v2\/product"}],"about":[{"href":"https:\/\/motoshopextreme.ba\/index.php?rest_route=\/wp\/v2\/types\/product"}],"wp:featuredmedia":[{"embeddable":true,"href":"https:\/\/motoshopextreme.ba\/index.php?rest_route=\/wp\/v2\/media\/2736"}],"wp:attachment":[{"href":"https:\/\/motoshopextreme.ba\/index.php?rest_route=%2Fwp%2Fv2%2Fmedia&parent=2735"}],"wp:term":[{"taxonomy":"product_brand","embeddable":true,"href":"https:\/\/motoshopextreme.ba\/index.php?rest_route=%2Fwp%2Fv2%2Fproduct_brand&post=2735"},{"taxonomy":"product_cat","embeddable":true,"href":"https:\/\/motoshopextreme.ba\/index.php?rest_route=%2Fwp%2Fv2%2Fproduct_cat&post=2735"},{"taxonomy":"product_tag","embeddable":true,"href":"https:\/\/motoshopextreme.ba\/index.php?rest_route=%2Fwp%2Fv2%2Fproduct_tag&post=2735"}],"curies":[{"name":"wp","href":"https:\/\/api.w.org\/{rel}","templated":true}]}}