{"id":2737,"date":"2024-01-08T15:18:25","date_gmt":"2024-01-08T15:18:25","guid":{"rendered":"https:\/\/motoshopextreme.ba\/?post_type=product&#038;p=2737"},"modified":"2024-01-08T15:28:06","modified_gmt":"2024-01-08T15:28:06","slug":"ariete-rucke-gripovi-za-volan","status":"publish","type":"product","link":"https:\/\/motoshopextreme.ba\/?product=ariete-rucke-gripovi-za-volan","title":{"rendered":"Ariete RU\u010cKE GRIPOVI ZA VOLAN"},"content":{"rendered":"","protected":false},"excerpt":{"rendered":"<p>Ariete grupovi za volan nude izvanrednu udobnost i kontrolu. Njihov ergonomski dizajn omogu\u0107uje bolje prianjanje i smanjuje umor ruku tijekom vo\u017enje. Pru\u017eaju savr\u0161en osje\u0107aj i kontrolu u svim uvjetima, \u010dine\u0107i vo\u017enju ugodnijom i sigurnijom<\/p>\n","protected":false},"featured_media":2738,"template":"","meta":[],"product_brand":[],"product_cat":[195,178,196,192,197,193,198,194],"product_tag":[],"class_list":{"0":"post-2737","1":"product","2":"type-product","3":"status-publish","4":"has-post-thumbnail","6":"product_cat-sasija-yamaha","7":"product_cat-sasija","8":"product_cat-sasija-kawasaki","9":"product_cat-sasija-husqvarna","10":"product_cat-sasija-sherco","11":"product_cat-sasija-beta","12":"product_cat-sasija-suzuki","13":"product_cat-sasija-honda","15":"first","16":"instock","17":"taxable","18":"shipping-taxable","19":"purchasable","20":"product-type-simple"},"_links":{"self":[{"href":"https:\/\/motoshopextreme.ba\/index.php?rest_route=\/wp\/v2\/product\/2737","targetHints":{"allow":["GET"]}}],"collection":[{"href":"https:\/\/motoshopextreme.ba\/index.php?rest_route=\/wp\/v2\/product"}],"about":[{"href":"https:\/\/motoshopextreme.ba\/index.php?rest_route=\/wp\/v2\/types\/product"}],"wp:featuredmedia":[{"embeddable":true,"href":"https:\/\/motoshopextreme.ba\/index.php?rest_route=\/wp\/v2\/media\/2738"}],"wp:attachment":[{"href":"https:\/\/motoshopextreme.ba\/index.php?rest_route=%2Fwp%2Fv2%2Fmedia&parent=2737"}],"wp:term":[{"taxonomy":"product_brand","embeddable":true,"href":"https:\/\/motoshopextreme.ba\/index.php?rest_route=%2Fwp%2Fv2%2Fproduct_brand&post=2737"},{"taxonomy":"product_cat","embeddable":true,"href":"https:\/\/motoshopextreme.ba\/index.php?rest_route=%2Fwp%2Fv2%2Fproduct_cat&post=2737"},{"taxonomy":"product_tag","embeddable":true,"href":"https:\/\/motoshopextreme.ba\/index.php?rest_route=%2Fwp%2Fv2%2Fproduct_tag&post=2737"}],"curies":[{"name":"wp","href":"https:\/\/api.w.org\/{rel}","templated":true}]}}