{"id":2752,"date":"2024-01-09T12:14:58","date_gmt":"2024-01-09T12:14:58","guid":{"rendered":"https:\/\/motoshopextreme.ba\/?post_type=product&#038;p=2752"},"modified":"2024-01-09T12:22:19","modified_gmt":"2024-01-09T12:22:19","slug":"relej-za-anlaser-ktm-husqvarna","status":"publish","type":"product","link":"https:\/\/motoshopextreme.ba\/?product=relej-za-anlaser-ktm-husqvarna","title":{"rendered":"Relej Za Anlaser &#8211; KTM HUSQVARNA"},"content":{"rendered":"","protected":false},"excerpt":{"rendered":"<p>Imamo \u0161irok spektar dijelova za motocikle, uklju\u010duju\u0107i releje, diskove, disk plo\u010dice, lance, plastike i jo\u0161 mnogo toga. Prona\u0111ite sve \u0161to vam je potrebno za odr\u017eavanje i nadogradnju va\u0161eg motocikla kod nas!<\/p>\n","protected":false},"featured_media":2753,"template":"","meta":[],"product_brand":[],"product_cat":[178,192],"product_tag":[],"class_list":{"0":"post-2752","1":"product","2":"type-product","3":"status-publish","4":"has-post-thumbnail","6":"product_cat-sasija","7":"product_cat-sasija-husqvarna","9":"first","10":"instock","11":"taxable","12":"shipping-taxable","13":"purchasable","14":"product-type-simple"},"_links":{"self":[{"href":"https:\/\/motoshopextreme.ba\/index.php?rest_route=\/wp\/v2\/product\/2752","targetHints":{"allow":["GET"]}}],"collection":[{"href":"https:\/\/motoshopextreme.ba\/index.php?rest_route=\/wp\/v2\/product"}],"about":[{"href":"https:\/\/motoshopextreme.ba\/index.php?rest_route=\/wp\/v2\/types\/product"}],"wp:featuredmedia":[{"embeddable":true,"href":"https:\/\/motoshopextreme.ba\/index.php?rest_route=\/wp\/v2\/media\/2753"}],"wp:attachment":[{"href":"https:\/\/motoshopextreme.ba\/index.php?rest_route=%2Fwp%2Fv2%2Fmedia&parent=2752"}],"wp:term":[{"taxonomy":"product_brand","embeddable":true,"href":"https:\/\/motoshopextreme.ba\/index.php?rest_route=%2Fwp%2Fv2%2Fproduct_brand&post=2752"},{"taxonomy":"product_cat","embeddable":true,"href":"https:\/\/motoshopextreme.ba\/index.php?rest_route=%2Fwp%2Fv2%2Fproduct_cat&post=2752"},{"taxonomy":"product_tag","embeddable":true,"href":"https:\/\/motoshopextreme.ba\/index.php?rest_route=%2Fwp%2Fv2%2Fproduct_tag&post=2752"}],"curies":[{"name":"wp","href":"https:\/\/api.w.org\/{rel}","templated":true}]}}