{"id":2754,"date":"2024-01-09T12:28:05","date_gmt":"2024-01-09T12:28:05","guid":{"rendered":"https:\/\/motoshopextreme.ba\/?post_type=product&#038;p=2754"},"modified":"2024-01-09T12:28:05","modified_gmt":"2024-01-09T12:28:05","slug":"alat-za-servis-guma-montirac-30cm","status":"publish","type":"product","link":"https:\/\/motoshopextreme.ba\/?product=alat-za-servis-guma-montirac-30cm","title":{"rendered":"Alat za Servis Guma &#8211; Montira\u010d 30cm"},"content":{"rendered":"","protected":false},"excerpt":{"rendered":"<p>U ponudi imamo alata za odr\u017eavanje motocikala, uklju\u010duju\u0107i alate za montiranje guma i alate za popravak ma\u0161ina. Olak\u0161ajte sebi odr\u017eavanje i servisiranje motocikla uz na\u0161u kvalitetnu opremu!<\/p>\n","protected":false},"featured_media":2755,"template":"","meta":[],"product_brand":[],"product_cat":[184],"product_tag":[],"class_list":{"0":"post-2754","1":"product","2":"type-product","3":"status-publish","4":"has-post-thumbnail","6":"product_cat-dodatci-za-motocikle","8":"first","9":"instock","10":"taxable","11":"shipping-taxable","12":"purchasable","13":"product-type-simple"},"_links":{"self":[{"href":"https:\/\/motoshopextreme.ba\/index.php?rest_route=\/wp\/v2\/product\/2754","targetHints":{"allow":["GET"]}}],"collection":[{"href":"https:\/\/motoshopextreme.ba\/index.php?rest_route=\/wp\/v2\/product"}],"about":[{"href":"https:\/\/motoshopextreme.ba\/index.php?rest_route=\/wp\/v2\/types\/product"}],"wp:featuredmedia":[{"embeddable":true,"href":"https:\/\/motoshopextreme.ba\/index.php?rest_route=\/wp\/v2\/media\/2755"}],"wp:attachment":[{"href":"https:\/\/motoshopextreme.ba\/index.php?rest_route=%2Fwp%2Fv2%2Fmedia&parent=2754"}],"wp:term":[{"taxonomy":"product_brand","embeddable":true,"href":"https:\/\/motoshopextreme.ba\/index.php?rest_route=%2Fwp%2Fv2%2Fproduct_brand&post=2754"},{"taxonomy":"product_cat","embeddable":true,"href":"https:\/\/motoshopextreme.ba\/index.php?rest_route=%2Fwp%2Fv2%2Fproduct_cat&post=2754"},{"taxonomy":"product_tag","embeddable":true,"href":"https:\/\/motoshopextreme.ba\/index.php?rest_route=%2Fwp%2Fv2%2Fproduct_tag&post=2754"}],"curies":[{"name":"wp","href":"https:\/\/api.w.org\/{rel}","templated":true}]}}